{"id":8039,"date":"2023-05-09T19:18:46","date_gmt":"2023-05-09T19:18:46","guid":{"rendered":"https:\/\/iberlegal.com\/home\/?page_id=8039"},"modified":"2023-05-09T19:36:17","modified_gmt":"2023-05-09T19:36:17","slug":"cartel-de-coches","status":"publish","type":"page","link":"https:\/\/iberlegal.com\/home\/areas-de-practica\/cartel-de-coches\/","title":{"rendered":"CARTEL DE COCHES"},"content":{"rendered":"\t\t<div data-elementor-type=\"wp-page\" data-elementor-id=\"8039\" class=\"elementor elementor-8039\">\n\t\t\t\t<div class=\"elementor-element elementor-element-04adada e-con-full e-flex e-con e-parent\" data-id=\"04adada\" data-element_type=\"container\" data-e-type=\"container\">\n\t\t\t\t<\/div>\n\t\t<div class=\"elementor-element elementor-element-1d7f51c2 e-flex e-con-boxed e-con e-parent\" data-id=\"1d7f51c2\" data-element_type=\"container\" data-e-type=\"container\">\n\t\t\t\t\t<div class=\"e-con-inner\">\n\t\t<div class=\"elementor-element elementor-element-4da9890e e-con-full e-flex e-con e-parent\" data-id=\"4da9890e\" data-element_type=\"container\" data-e-type=\"container\">\n\t\t\t\t<div class=\"elementor-element elementor-element-174f388d elementor-widget elementor-widget-sidebar\" data-id=\"174f388d\" data-element_type=\"widget\" data-e-type=\"widget\" data-widget_type=\"sidebar.default\">\n\t\t\t\t<div class=\"elementor-widget-container\">\n\t\t\t\t\t<div class=\"widget widget_media_image\" id=\"media_image-2\"><img decoding=\"async\" width=\"222\" height=\"177\" src=\"https:\/\/i0.wp.com\/iberlegal.com\/home\/wp-content\/uploads\/2017\/06\/call_us1.jpg?fit=222%2C177&amp;ssl=1\" class=\"image wp-image-7005  attachment-full size-full\" alt=\"\" style=\"max-width: 100%; height: auto;\" srcset=\"https:\/\/i0.wp.com\/iberlegal.com\/home\/wp-content\/uploads\/2017\/06\/call_us1.jpg?w=222&amp;ssl=1 222w, https:\/\/i0.wp.com\/iberlegal.com\/home\/wp-content\/uploads\/2017\/06\/call_us1.jpg?resize=81%2C65&amp;ssl=1 81w\" sizes=\"(max-width: 222px) 100vw, 222px\" \/><\/div><div class=\"widget widget_media_image\" id=\"media_image-1\"><a href=\"http:\/\/rcqq.com\/ibelregal\/hipotecas\/\"><img decoding=\"async\" width=\"222\" height=\"177\" src=\"https:\/\/i0.wp.com\/iberlegal.com\/home\/wp-content\/uploads\/2017\/07\/calculator1.jpg?fit=222%2C177&amp;ssl=1\" class=\"image wp-image-7085  attachment-full size-full\" alt=\"\" style=\"max-width: 100%; height: auto;\" srcset=\"https:\/\/i0.wp.com\/iberlegal.com\/home\/wp-content\/uploads\/2017\/07\/calculator1.jpg?w=222&amp;ssl=1 222w, https:\/\/i0.wp.com\/iberlegal.com\/home\/wp-content\/uploads\/2017\/07\/calculator1.jpg?resize=81%2C65&amp;ssl=1 81w\" sizes=\"(max-width: 222px) 100vw, 222px\" \/><\/a><\/div><div class=\"widget widget_text\" id=\"text-4\">\t\t\t<div class=\"textwidget\"><p>____________________________________<\/p>\n<div class=\"w-text-block\">\n<p class=\"d\">Calle Juan Fernandez Nro. 16 C.P. 30204<br \/>\nPhone: (0034)-900-907029<br \/>\nFax:(0034)-868-866778<br \/>\nemail: info@iberlegal.com<br \/>\nCartagena &#8211; Murcia<br \/>\nEspa\u00f1a<\/p>\n<\/div>\n<\/div>\n\t\t<\/div><div class=\"widget widget_contact_info\" id=\"widget_contact_info-2\"><div itemscope itemtype=\"http:\/\/schema.org\/LocalBusiness\"><div class=\"confit-address\" itemscope itemtype=\"http:\/\/schema.org\/PostalAddress\" itemprop=\"address\"><a href=\"https:\/\/maps.google.com\/maps?z=16&#038;q=calle%2Bjuan%2Bfernandez%2Bnro.%2B16%2Bc.p.%2B30204%2Bfax%3A%280034%29-868-866778%2Bcartagena%2B-%2Bmurcia%2Bespa%C3%B1a\" target=\"_blank\" rel=\"noopener noreferrer\">Calle Juan Fernandez Nro. 16 C.P. 30204\r<br\/>Fax:(0034)-868-866778\r<br\/>Cartagena - Murcia\r<br\/>Espa\u00f1a<\/a><\/div><div class=\"confit-phone\"><span itemprop=\"telephone\"><a href=\"tel:(0034)-900-907029\">(0034)-900-907029<\/a><\/span><\/div><div class=\"confit-email\"><a href=\"mailto:info@iberlegal.com\">info@iberlegal.com<\/a><\/div><\/div><\/div>\t\t\t\t<\/div>\n\t\t\t\t<\/div>\n\t\t\t\t<\/div>\n\t\t<div class=\"elementor-element elementor-element-2e2697c9 e-con-full e-flex e-con e-parent\" data-id=\"2e2697c9\" data-element_type=\"container\" data-e-type=\"container\">\n\t\t\t\t<div class=\"elementor-element elementor-element-3f5bbbc elementor-widget elementor-widget-text-editor\" data-id=\"3f5bbbc\" data-element_type=\"widget\" data-e-type=\"widget\" data-widget_type=\"text-editor.default\">\n\t\t\t\t<div class=\"elementor-widget-container\">\n\t\t\t\t\t\t\t\t\t<h5 style=\"text-align: center;\"><span style=\"color: #ff0000;\"><strong>\u00bfQUE ES EL CARTEL DE COCHES?<\/strong><\/span><\/h5><p style=\"text-align: justify;\">El Tribunal Supremo est\u00e1 confirmando las multas impuestas en 2015 por la Comisi\u00f3n Nacional de los Mercados y la Competencia a 34 marcas de coches en Espa\u00f1a. Se les acusa de haber creado un c\u00e1rtel al intercambiar informaci\u00f3n confidencial para controlar el mercado de la distribuci\u00f3n y venta, violando la competencia y perjudicando a los consumidores, ya que estas marcas representan el 90% del mercado del motor<\/p><p><strong><span style=\"color: #ff0000;\">\u00bfQuienes son afectados?<\/span><\/strong><\/p><p style=\"text-align: justify;\">El c\u00e1rtel de coches afect\u00f3 a aquellos que compraron, alquilaron o arrendaron un veh\u00edculo entre 2006 y 2013 de las marcas implicadas. Tanto particulares, aut\u00f3nomos como empresas pueden reclamar indemnizaci\u00f3n, incluso si ya han vendido el coche. El acuerdo de las marcas por intercambiar informaci\u00f3n confidencial para controlar el mercado de la distribuci\u00f3n y venta fue contrario a la competencia y a los derechos de los consumidores. Actualmente, el Tribunal Supremo est\u00e1 ratificando las multas impuestas por la CNMC a las 34 marcas involucradas.<\/p><h5><span style=\"color: #ff0000;\"><strong>\u00bfCuales son las indemnizaciones?<\/strong><\/span><\/h5><p style=\"text-align: justify;\">Se estima que las indemnizaciones por el c\u00e1rtel de coches pueden variar dependiendo del modelo y marca del veh\u00edculo comprado, pero en promedio, podr\u00edan alcanzar entre un 10% y un 15% del precio de compra.<\/p><h5><strong><span style=\"color: #ff0000;\">Proceso de reclamaci\u00f3n.<\/span><\/strong><\/h5><p style=\"text-align: justify;\">Para reclamar el sobrecoste sufrido por cada comprador debido al c\u00e1rtel de coches, es necesario presentar una demanda judicial acompa\u00f1ada de un informe pericial que cuantifique el sobrecoste y determine la indemnizaci\u00f3n correspondiente. Esta demanda debe ser presentada en el Juzgado de lo Mercantil.<\/p><p>Los fabricantes de coches afectados son los siguientes:<\/p><p><strong>Alfa Romeo, Audi, BMW, Chevrolet, Chrysler, Citroen, Dodge, Fiat, Ford, Honda, Hyundai, Jeep, Kia, Lancia, Lexus, Mazda, Mercedes Benz, Mitsubishi, Nissan, Opel, Peugeot, Porsche, Renault, Seat, Skoda, Volkswagen, Toyota, Volvo.<\/strong><\/p>\t\t\t\t\t\t\t\t<\/div>\n\t\t\t\t<\/div>\n\t\t\t\t<\/div>\n\t\t\t\t\t<\/div>\n\t\t\t\t<\/div>\n\t\t<div class=\"elementor-element elementor-element-7162c949 e-flex e-con-boxed e-con e-parent\" data-id=\"7162c949\" data-element_type=\"container\" data-e-type=\"container\" data-settings=\"{&quot;background_background&quot;:&quot;classic&quot;}\">\n\t\t\t\t\t<div class=\"e-con-inner\">\n\t\t\t\t<div class=\"elementor-element elementor-element-58e396f5 uael-heading-align-center elementor-widget elementor-widget-uael-advanced-heading\" data-id=\"58e396f5\" data-element_type=\"widget\" data-e-type=\"widget\" data-widget_type=\"uael-advanced-heading.default\">\n\t\t\t\t<div class=\"elementor-widget-container\">\n\t\t\t\t\t\n\t\t<div class=\"uael-module-content uael-heading-wrapper\">\n\t\t\t\t\t\t<div class=\"uael-module-content uael-separator-parent\">\n\t\t\t\t\t\t\t\t\t\t\t\t\t<div class=\"uael-separator\"><\/div>\n\t\t\t\t\t\t\t<\/div>\n\t\t\t\t\t\t\n\t\t\t<h1 class=\"uael-heading\">\n\t\t\t\t\t\t\t\t\t\t<span class=\"uael-heading-text elementor-inline-editing uael-size--default\" data-elementor-setting-key=\"heading_title\" data-elementor-inline-editing-toolbar=\"basic\">CONT\u00c1CTANOS<\/span>\n\t\t\t\t\t\t\t<\/h1>\n\n\t\t\t\t\t\t\t<div class=\"uael-sub-heading elementor-inline-editing\" data-elementor-setting-key=\"sub_heading\" data-elementor-inline-editing-toolbar=\"advanced\" >PRONTO NOS COMUNICAREMOS<\/div>\n\t\t\t\n\t\t\t\n\t\t\t\n\t\t\t\t\t\t<\/div>\n\t\t\t\t\t\t<\/div>\n\t\t\t\t<\/div>\n\t\t\t\t<div class=\"elementor-element elementor-element-755e3f0d elementor-button-align-center elementor-widget elementor-widget-form\" data-id=\"755e3f0d\" data-element_type=\"widget\" data-e-type=\"widget\" data-settings=\"{&quot;step_next_label&quot;:&quot;Next&quot;,&quot;step_previous_label&quot;:&quot;Previous&quot;,&quot;button_width&quot;:&quot;100&quot;,&quot;step_type&quot;:&quot;number_text&quot;,&quot;step_icon_shape&quot;:&quot;circle&quot;}\" data-widget_type=\"form.default\">\n\t\t\t\t<div class=\"elementor-widget-container\">\n\t\t\t\t\t\t\t<form class=\"elementor-form\" method=\"post\" name=\"New Form\">\n\t\t\t<input type=\"hidden\" name=\"post_id\" value=\"8039\"\/>\n\t\t\t<input type=\"hidden\" name=\"form_id\" value=\"755e3f0d\"\/>\n\t\t\t<input type=\"hidden\" name=\"referer_title\" value=\"\" \/>\n\n\t\t\t\n\t\t\t<div class=\"elementor-form-fields-wrapper elementor-labels-above\">\n\t\t\t\t\t\t\t\t<div class=\"elementor-field-type-text elementor-field-group elementor-column elementor-field-group-name elementor-col-100 elementor-field-required\">\n\t\t\t\t\t\t\t\t\t\t\t\t<label for=\"form-field-name\" class=\"elementor-field-label\">\n\t\t\t\t\t\t\t\tNombre\t\t\t\t\t\t\t<\/label>\n\t\t\t\t\t\t\t\t\t\t\t\t\t\t<input size=\"1\" type=\"text\" name=\"form_fields[name]\" id=\"form-field-name\" class=\"elementor-field elementor-size-sm  elementor-field-textual\" placeholder=\"Nombre\" required=\"required\" aria-required=\"true\">\n\t\t\t\t\t\t\t\t\t\t\t<\/div>\n\t\t\t\t\t\t\t\t<div class=\"elementor-field-type-email elementor-field-group elementor-column elementor-field-group-email elementor-col-100 elementor-field-required\">\n\t\t\t\t\t\t\t\t\t\t\t\t<label for=\"form-field-email\" class=\"elementor-field-label\">\n\t\t\t\t\t\t\t\tEmail\t\t\t\t\t\t\t<\/label>\n\t\t\t\t\t\t\t\t\t\t\t\t\t\t<input size=\"1\" type=\"email\" name=\"form_fields[email]\" id=\"form-field-email\" class=\"elementor-field elementor-size-sm  elementor-field-textual\" placeholder=\"Email\" required=\"required\" aria-required=\"true\">\n\t\t\t\t\t\t\t\t\t\t\t<\/div>\n\t\t\t\t\t\t\t\t<div class=\"elementor-field-type-textarea elementor-field-group elementor-column elementor-field-group-message elementor-col-100\">\n\t\t\t\t\t\t\t\t\t\t\t\t<label for=\"form-field-message\" class=\"elementor-field-label\">\n\t\t\t\t\t\t\t\tMensaje\t\t\t\t\t\t\t<\/label>\n\t\t\t\t\t\t<textarea class=\"elementor-field-textual elementor-field  elementor-size-sm\" name=\"form_fields[message]\" id=\"form-field-message\" rows=\"4\" placeholder=\"Mensaje\"><\/textarea>\t\t\t\t<\/div>\n\t\t\t\t\t\t\t\t<div class=\"elementor-field-group elementor-column elementor-field-type-submit elementor-col-100 e-form__buttons\">\n\t\t\t\t\t<button type=\"submit\" class=\"elementor-button elementor-size-sm\">\n\t\t\t\t\t\t<span >\n\t\t\t\t\t\t\t\t\t\t\t\t\t\t\t<span class=\" elementor-button-icon\">\n\t\t\t\t\t\t\t\t\t\t\t\t\t\t\t\t\t\t\t\t\t\t\t\t\t\t<\/span>\n\t\t\t\t\t\t\t\t\t\t\t\t\t\t\t\t\t\t\t\t\t\t<span class=\"elementor-button-text\">Send<\/span>\n\t\t\t\t\t\t\t\t\t\t\t\t\t<\/span>\n\t\t\t\t\t<\/button>\n\t\t\t\t<\/div>\n\t\t\t<\/div>\n\t\t<\/form>\n\t\t\t\t\t\t<\/div>\n\t\t\t\t<\/div>\n\t\t\t\t<div class=\"elementor-element elementor-element-7ccd04bc elementor-widget elementor-widget-text-editor\" data-id=\"7ccd04bc\" data-element_type=\"widget\" data-e-type=\"widget\" data-widget_type=\"text-editor.default\">\n\t\t\t\t<div class=\"elementor-widget-container\">\n\t\t\t\t\t\t\t\t\t<p style=\"text-align: justify;\">Al enviar este formulario, presto mi consentimiento libre, informado, espec\u00edfico e inequ\u00edvoco y autorizo a IBERLEGAL a ponerse en contacto conmigo en los t\u00e9rminos previstos en la Pol\u00edtica de privacidad\u00a0, a trav\u00e9s de WHATSAPP MESSENGER, cuya\u00a0Pol\u00edtica de privacidad\u00a0est\u00e1 disponible en su p\u00e1gina web.<\/p>\t\t\t\t\t\t\t\t<\/div>\n\t\t\t\t<\/div>\n\t\t\t\t\t<\/div>\n\t\t\t\t<\/div>\n\t\t\t\t<\/div>\n\t\t","protected":false},"excerpt":{"rendered":"<p>\u00bfQUE ES EL CARTEL DE COCHES? El Tribunal Supremo est\u00e1 confirmando las multas impuestas en 2015 por la Comisi\u00f3n Nacional de los Mercados y la Competencia a 34 marcas de coches en Espa\u00f1a. Se les acusa de haber creado un c\u00e1rtel al intercambiar informaci\u00f3n confidencial para controlar el mercado de la distribuci\u00f3n y venta, violando la competencia y perjudicando a los consumidores, ya que estas marcas representan el 90% del mercado del motor \u00bfQuienes son afectados? El c\u00e1rtel de coches afect\u00f3 a aquellos que compraron, alquilaron o arrendaron un veh\u00edculo entre 2006 y 2013 de las marcas implicadas. Tanto particulares, aut\u00f3nomos como empresas pueden reclamar indemnizaci\u00f3n, incluso si ya han vendido el coche. El acuerdo de las marcas por intercambiar informaci\u00f3n confidencial para controlar el mercado de la distribuci\u00f3n y venta fue contrario a la competencia y a los derechos de los consumidores. Actualmente, el Tribunal Supremo est\u00e1 ratificando las multas impuestas por la CNMC a las 34 marcas involucradas. \u00bfCuales son las indemnizaciones? Se estima que las indemnizaciones por el c\u00e1rtel de coches pueden variar dependiendo del modelo y marca del veh\u00edculo comprado, pero en promedio, podr\u00edan alcanzar entre un 10% y un 15% del precio de compra. Proceso&#8230;<\/p>\n","protected":false},"author":1,"featured_media":0,"parent":6861,"menu_order":0,"comment_status":"closed","ping_status":"closed","template":"elementor_header_footer","meta":{"footnotes":""},"class_list":["post-8039","page","type-page","status-publish","hentry"],"jetpack-related-posts":[],"jetpack_sharing_enabled":true,"_links":{"self":[{"href":"https:\/\/iberlegal.com\/home\/wp-json\/wp\/v2\/pages\/8039","targetHints":{"allow":["GET"]}}],"collection":[{"href":"https:\/\/iberlegal.com\/home\/wp-json\/wp\/v2\/pages"}],"about":[{"href":"https:\/\/iberlegal.com\/home\/wp-json\/wp\/v2\/types\/page"}],"author":[{"embeddable":true,"href":"https:\/\/iberlegal.com\/home\/wp-json\/wp\/v2\/users\/1"}],"replies":[{"embeddable":true,"href":"https:\/\/iberlegal.com\/home\/wp-json\/wp\/v2\/comments?post=8039"}],"version-history":[{"count":7,"href":"https:\/\/iberlegal.com\/home\/wp-json\/wp\/v2\/pages\/8039\/revisions"}],"predecessor-version":[{"id":8050,"href":"https:\/\/iberlegal.com\/home\/wp-json\/wp\/v2\/pages\/8039\/revisions\/8050"}],"up":[{"embeddable":true,"href":"https:\/\/iberlegal.com\/home\/wp-json\/wp\/v2\/pages\/6861"}],"wp:attachment":[{"href":"https:\/\/iberlegal.com\/home\/wp-json\/wp\/v2\/media?parent=8039"}],"curies":[{"name":"wp","href":"https:\/\/api.w.org\/{rel}","templated":true}]}}