{"id":7997,"date":"2023-05-09T16:02:26","date_gmt":"2023-05-09T16:02:26","guid":{"rendered":"https:\/\/iberlegal.com\/home\/?page_id=7997"},"modified":"2023-05-10T18:47:20","modified_gmt":"2023-05-10T18:47:20","slug":"irph","status":"publish","type":"page","link":"https:\/\/iberlegal.com\/home\/areas-de-practica\/irph\/","title":{"rendered":"IRPH"},"content":{"rendered":"\t\t<div data-elementor-type=\"wp-page\" data-elementor-id=\"7997\" class=\"elementor elementor-7997\">\n\t\t\t\t<div class=\"elementor-element elementor-element-04adada e-con-full e-flex e-con e-parent\" data-id=\"04adada\" data-element_type=\"container\" data-e-type=\"container\">\n\t\t\t\t<\/div>\n\t\t<div class=\"elementor-element elementor-element-784d722 e-flex e-con-boxed e-con e-parent\" data-id=\"784d722\" data-element_type=\"container\" data-e-type=\"container\">\n\t\t\t\t\t<div class=\"e-con-inner\">\n\t\t<div class=\"elementor-element elementor-element-4a8b75a1 e-con-full e-flex e-con e-parent\" data-id=\"4a8b75a1\" data-element_type=\"container\" data-e-type=\"container\">\n\t\t\t\t<div class=\"elementor-element elementor-element-38ba1d21 elementor-widget__width-initial elementor-widget elementor-widget-text-editor\" data-id=\"38ba1d21\" data-element_type=\"widget\" data-e-type=\"widget\" data-widget_type=\"text-editor.default\">\n\t\t\t\t<div class=\"elementor-widget-container\">\n\t\t\t\t\t\t\t\t\t<h3 style=\"text-align: center;\"><span style=\"color: #ffffff;\">IRPH<\/span><\/h3><p>En <strong>IBERLEGAL<\/strong> estamos comprometidos a agotar todas las instancias legales nacionales y europeas para que se escuche la voz del consumidor<\/p><p style=\"text-align: center;\"><strong><span style=\"color: #ff0000;\"><a style=\"color: #ff0000;\" href=\"https:\/\/iberlegal.com\/home\/areas-de-practica\/irph\/\">Leer m\u00e1s<\/a><\/span><\/strong><\/p>\t\t\t\t\t\t\t\t<\/div>\n\t\t\t\t<\/div>\n\t\t\t\t<\/div>\n\t\t<div class=\"elementor-element elementor-element-2ed3111d e-con-full e-flex e-con e-parent\" data-id=\"2ed3111d\" data-element_type=\"container\" data-e-type=\"container\">\n\t\t\t\t<div class=\"elementor-element elementor-element-64e8d6d3 elementor-widget__width-initial elementor-widget elementor-widget-text-editor\" data-id=\"64e8d6d3\" data-element_type=\"widget\" data-e-type=\"widget\" data-widget_type=\"text-editor.default\">\n\t\t\t\t<div class=\"elementor-widget-container\">\n\t\t\t\t\t\t\t\t\t<h3 style=\"text-align: center;\"><span style=\"color: #ffffff;\">TARJETAS REVOLVING<\/span><\/h3><p>Si has estado pagando cuotas durante a\u00f1os pero tu deuda parece no disminuir, cons\u00faltanos<\/p><p style=\"text-align: center;\"><strong><span style=\"color: #ff0000;\"><a style=\"color: #ff0000;\" href=\"https:\/\/iberlegal.com\/home\/areas-de-practica\/tarjetas-revolving\/\">Leer m\u00e1s<\/a><\/span><\/strong><\/p>\t\t\t\t\t\t\t\t<\/div>\n\t\t\t\t<\/div>\n\t\t\t\t<\/div>\n\t\t<div class=\"elementor-element elementor-element-7e9fbdd6 e-con-full e-flex e-con e-parent\" data-id=\"7e9fbdd6\" data-element_type=\"container\" data-e-type=\"container\">\n\t\t\t\t<div class=\"elementor-element elementor-element-4f1ba1cf elementor-widget__width-initial elementor-widget elementor-widget-text-editor\" data-id=\"4f1ba1cf\" data-element_type=\"widget\" data-e-type=\"widget\" data-widget_type=\"text-editor.default\">\n\t\t\t\t<div class=\"elementor-widget-container\">\n\t\t\t\t\t\t\t\t\t<h3 style=\"text-align: center;\"><span style=\"color: #ffffff;\">CARTEL DE COCHES<\/span><\/h3><p>Si compraste un coche entre los a\u00f1os 2006 y 2013, es posible que puedas recuperar un porcentaje entre el 10% y el 15% del precio que pagaste por \u00e9l.<\/p><p style=\"text-align: center;\"><strong><span style=\"color: #ff0000;\"><a style=\"color: #ff0000;\" href=\"https:\/\/iberlegal.com\/home\/areas-de-practica\/cartel-de-coches\/\">Leer m\u00e1s<\/a><\/span><\/strong><\/p>\t\t\t\t\t\t\t\t<\/div>\n\t\t\t\t<\/div>\n\t\t\t\t<\/div>\n\t\t<div class=\"elementor-element elementor-element-42b3513f e-con-full e-flex e-con e-parent\" data-id=\"42b3513f\" data-element_type=\"container\" data-e-type=\"container\">\n\t\t\t\t<div class=\"elementor-element elementor-element-24392000 elementor-widget__width-initial elementor-widget elementor-widget-text-editor\" data-id=\"24392000\" data-element_type=\"widget\" data-e-type=\"widget\" data-widget_type=\"text-editor.default\">\n\t\t\t\t<div class=\"elementor-widget-container\">\n\t\t\t\t\t\t\t\t\t<h3 style=\"text-align: center;\"><span style=\"color: #ffffff;\">FICHERO DE MOROSOS<\/span><\/h3><p>En <strong>IBERLEGAL<\/strong> te ayudamos a solicitar la indemnizaci\u00f3n por la inclusi\u00f3n en los ficheros de morosos.<\/p><p style=\"text-align: center;\"><strong><span style=\"color: #ff0000;\"><a style=\"color: #ff0000;\" href=\"https:\/\/iberlegal.com\/home\/areas-de-practica\/fichero-morosos\/\">Leer m\u00e1s<\/a><\/span><\/strong><\/p>\t\t\t\t\t\t\t\t<\/div>\n\t\t\t\t<\/div>\n\t\t\t\t<\/div>\n\t\t\t\t\t<\/div>\n\t\t\t\t<\/div>\n\t\t<div class=\"elementor-element elementor-element-1d7f51c2 e-flex e-con-boxed e-con e-parent\" data-id=\"1d7f51c2\" data-element_type=\"container\" data-e-type=\"container\">\n\t\t\t\t\t<div class=\"e-con-inner\">\n\t\t<div class=\"elementor-element elementor-element-4da9890e e-con-full e-flex e-con e-parent\" data-id=\"4da9890e\" data-element_type=\"container\" data-e-type=\"container\">\n\t\t\t\t<div class=\"elementor-element elementor-element-c832107 elementor-widget elementor-widget-image\" data-id=\"c832107\" data-element_type=\"widget\" data-e-type=\"widget\" data-widget_type=\"image.default\">\n\t\t\t\t<div class=\"elementor-widget-container\">\n\t\t\t\t\t\t\t\t\t\t\t\t\t\t\t<img fetchpriority=\"high\" decoding=\"async\" width=\"683\" height=\"1024\" src=\"https:\/\/i0.wp.com\/iberlegal.com\/home\/wp-content\/uploads\/2023\/05\/vista-superior-elementos-orientacion-profesional-jueces-scaled.jpg?fit=683%2C1024&amp;ssl=1\" class=\"attachment-large size-large wp-image-8274\" alt=\"\" srcset=\"https:\/\/i0.wp.com\/iberlegal.com\/home\/wp-content\/uploads\/2023\/05\/vista-superior-elementos-orientacion-profesional-jueces-scaled.jpg?w=1707&amp;ssl=1 1707w, https:\/\/i0.wp.com\/iberlegal.com\/home\/wp-content\/uploads\/2023\/05\/vista-superior-elementos-orientacion-profesional-jueces-scaled.jpg?resize=200%2C300&amp;ssl=1 200w, https:\/\/i0.wp.com\/iberlegal.com\/home\/wp-content\/uploads\/2023\/05\/vista-superior-elementos-orientacion-profesional-jueces-scaled.jpg?resize=683%2C1024&amp;ssl=1 683w, https:\/\/i0.wp.com\/iberlegal.com\/home\/wp-content\/uploads\/2023\/05\/vista-superior-elementos-orientacion-profesional-jueces-scaled.jpg?resize=768%2C1152&amp;ssl=1 768w, https:\/\/i0.wp.com\/iberlegal.com\/home\/wp-content\/uploads\/2023\/05\/vista-superior-elementos-orientacion-profesional-jueces-scaled.jpg?resize=1024%2C1536&amp;ssl=1 1024w, https:\/\/i0.wp.com\/iberlegal.com\/home\/wp-content\/uploads\/2023\/05\/vista-superior-elementos-orientacion-profesional-jueces-scaled.jpg?resize=1365%2C2048&amp;ssl=1 1365w, https:\/\/i0.wp.com\/iberlegal.com\/home\/wp-content\/uploads\/2023\/05\/vista-superior-elementos-orientacion-profesional-jueces-scaled.jpg?resize=514%2C771&amp;ssl=1 514w, https:\/\/i0.wp.com\/iberlegal.com\/home\/wp-content\/uploads\/2023\/05\/vista-superior-elementos-orientacion-profesional-jueces-scaled.jpg?resize=420%2C630&amp;ssl=1 420w, https:\/\/i0.wp.com\/iberlegal.com\/home\/wp-content\/uploads\/2023\/05\/vista-superior-elementos-orientacion-profesional-jueces-scaled.jpg?resize=81%2C122&amp;ssl=1 81w\" sizes=\"(max-width: 683px) 100vw, 683px\" \/>\t\t\t\t\t\t\t\t\t\t\t\t\t\t\t<\/div>\n\t\t\t\t<\/div>\n\t\t\t\t<div class=\"elementor-element elementor-element-174f388d elementor-widget elementor-widget-sidebar\" data-id=\"174f388d\" data-element_type=\"widget\" data-e-type=\"widget\" data-widget_type=\"sidebar.default\">\n\t\t\t\t<div class=\"elementor-widget-container\">\n\t\t\t\t\t<div class=\"widget widget_media_image\" id=\"media_image-2\"><img decoding=\"async\" width=\"222\" height=\"177\" src=\"https:\/\/i0.wp.com\/iberlegal.com\/home\/wp-content\/uploads\/2017\/06\/call_us1.jpg?fit=222%2C177&amp;ssl=1\" class=\"image wp-image-7005  attachment-full size-full\" alt=\"\" style=\"max-width: 100%; height: auto;\" srcset=\"https:\/\/i0.wp.com\/iberlegal.com\/home\/wp-content\/uploads\/2017\/06\/call_us1.jpg?w=222&amp;ssl=1 222w, https:\/\/i0.wp.com\/iberlegal.com\/home\/wp-content\/uploads\/2017\/06\/call_us1.jpg?resize=81%2C65&amp;ssl=1 81w\" sizes=\"(max-width: 222px) 100vw, 222px\" \/><\/div><div class=\"widget widget_media_image\" id=\"media_image-1\"><a href=\"http:\/\/rcqq.com\/ibelregal\/hipotecas\/\"><img decoding=\"async\" width=\"222\" height=\"177\" src=\"https:\/\/i0.wp.com\/iberlegal.com\/home\/wp-content\/uploads\/2017\/07\/calculator1.jpg?fit=222%2C177&amp;ssl=1\" class=\"image wp-image-7085  attachment-full size-full\" alt=\"\" style=\"max-width: 100%; height: auto;\" srcset=\"https:\/\/i0.wp.com\/iberlegal.com\/home\/wp-content\/uploads\/2017\/07\/calculator1.jpg?w=222&amp;ssl=1 222w, https:\/\/i0.wp.com\/iberlegal.com\/home\/wp-content\/uploads\/2017\/07\/calculator1.jpg?resize=81%2C65&amp;ssl=1 81w\" sizes=\"(max-width: 222px) 100vw, 222px\" \/><\/a><\/div><div class=\"widget widget_text\" id=\"text-4\">\t\t\t<div class=\"textwidget\"><p>____________________________________<\/p>\n<div class=\"w-text-block\">\n<p class=\"d\">Calle Juan Fernandez Nro. 16 C.P. 30204<br \/>\nPhone: (0034)-900-907029<br \/>\nFax:(0034)-868-866778<br \/>\nemail: info@iberlegal.com<br \/>\nCartagena &#8211; Murcia<br \/>\nEspa\u00f1a<\/p>\n<\/div>\n<\/div>\n\t\t<\/div><div class=\"widget widget_contact_info\" id=\"widget_contact_info-2\"><div itemscope itemtype=\"http:\/\/schema.org\/LocalBusiness\"><div class=\"confit-address\" itemscope itemtype=\"http:\/\/schema.org\/PostalAddress\" itemprop=\"address\"><a href=\"https:\/\/maps.google.com\/maps?z=16&#038;q=calle%2Bjuan%2Bfernandez%2Bnro.%2B16%2Bc.p.%2B30204%2Bfax%3A%280034%29-868-866778%2Bcartagena%2B-%2Bmurcia%2Bespa%C3%B1a\" target=\"_blank\" rel=\"noopener noreferrer\">Calle Juan Fernandez Nro. 16 C.P. 30204\r<br\/>Fax:(0034)-868-866778\r<br\/>Cartagena - Murcia\r<br\/>Espa\u00f1a<\/a><\/div><div class=\"confit-phone\"><span itemprop=\"telephone\">(0034)-900-907029<\/span><\/div><div class=\"confit-email\"><a href=\"mailto:info@iberlegal.com\">info@iberlegal.com<\/a><\/div><\/div><\/div>\t\t\t\t<\/div>\n\t\t\t\t<\/div>\n\t\t\t\t<\/div>\n\t\t<div class=\"elementor-element elementor-element-2e2697c9 e-con-full e-flex e-con e-parent\" data-id=\"2e2697c9\" data-element_type=\"container\" data-e-type=\"container\">\n\t\t\t\t<div class=\"elementor-element elementor-element-3f5bbbc elementor-widget elementor-widget-text-editor\" data-id=\"3f5bbbc\" data-element_type=\"widget\" data-e-type=\"widget\" data-widget_type=\"text-editor.default\">\n\t\t\t\t<div class=\"elementor-widget-container\">\n\t\t\t\t\t\t\t\t\t<h5 style=\"text-align: center;\"><span style=\"color: #ff0000;\"><strong>Se pide al TJUE que sea \u00abpreciso y contundente\u00bb en su resoluci\u00f3n sobre el IRPH en Europa.<\/strong><\/span><\/h5><p style=\"text-align: justify;\">El \u00edndice de referencia de pr\u00e9stamos hipotecarios (IRPH) vuelve a ser objeto de controversia en Espa\u00f1a. Un juzgado de Mallorca ha elevado por tercera vez la cuesti\u00f3n al Tribunal de Justicia de la Uni\u00f3n Europea (TJUE) y ha solicitado que su resoluci\u00f3n sea \u201ccontundente, clara y precisa\u201d. La sentencia del TJUE dictamin\u00f3 que para que la cl\u00e1usula IRPH sea transparente, el consumidor debe recibir informaci\u00f3n clara y suficiente que le permita entender las condiciones y consecuencias econ\u00f3micas del mismo. Adem\u00e1s, inst\u00f3 a los jueces nacionales a analizar en cada caso el car\u00e1cter oscuro y abusivo de esta cl\u00e1usula en los pr\u00e9stamos hipotecarios.<\/p><p style=\"text-align: justify;\">Sin embargo, el 28 de enero de 2022, el Tribunal Supremo emiti\u00f3 una nueva sentencia en favor de los bancos. En su breve fallo, sorprendentemente, evita el control de transparencia y abusividad del IRPH al dar por v\u00e1lido el \u00edndice de forma general, sin analizar las circunstancias particulares de cada consumidor al que se le impone esta cl\u00e1usula.<\/p><p style=\"text-align: justify;\">En <strong>IBERLEGAL<\/strong>, estamos comprometidos a agotar todas las instancias legales nacionales y europeas para que se escuche la voz del consumidor y se defiendan sus derechos. Nuestra postura es compartida por muchos jueces, abogados y expertos en derechos del consumidor. Esta jueza, por ejemplo, ha presentado por tercera vez la cuesti\u00f3n del IRPH al TJUE, formulando quince preguntas para obtener una resoluci\u00f3n contundente y evitar que el Tribunal Supremo haga interpretaciones como las que ha venido haciendo hasta ahora.<\/p><p style=\"text-align: justify;\">Por lo tanto, recomendamos no firmar ning\u00fan documento relacionado con el IRPH con el banco sin que lo haya examinado un abogado experto. Es probable que al aceptar la propuesta del banco o entidad financiera, est\u00e9 renunciando a la posibilidad de emprender acciones legales y, adem\u00e1s, puede no ser el acuerdo que m\u00e1s le favorezca a usted, sino al banco. Use nuestra calculadora para saber cu\u00e1nto le corresponde recuperar.<\/p><h5><strong><span style=\"color: #ff0000;\">\u00bfQUE ES EL IRPH?<\/span><\/strong><\/h5><p style=\"text-align: justify;\">El IRPH es el \u00cdndice de Referencia de Pr\u00e9stamos Hipotecarios confeccionado por el Banco de Espa\u00f1a, y es uno de los tipos de inter\u00e9s m\u00e1s utilizados en Espa\u00f1a junto con el Euribor. Las hipotecas referenciadas a este \u00edndice tienen un tipo de inter\u00e9s elevado, que se calcula haciendo una media de los intereses aplicados por cajas de ahorro y bancos. Sin embargo, existe la sospecha de que los bancos no han sido transparentes en su comercializaci\u00f3n. Este asunto ha sido llevado al \u00e1mbito de la Uni\u00f3n Europea despu\u00e9s de que el Tribunal Supremo espa\u00f1ol no lo considerara abusivo.<\/p><p>Tras declarar nulo el IRPH, un juez nacional otorgar\u00e1 a los consumidores la opci\u00f3n de elegir entre mantener el pr\u00e9stamo con un \u00edndice sustitutivo o resolver el contrato. La sustituci\u00f3n por otro \u00edndice se aplicar\u00e1 desde la firma de la hipoteca en el caso de declaraci\u00f3n de nulidad del IRPH. Adem\u00e1s, los efectos de esta sentencia no tendr\u00e1n limitaciones temporales, lo que significa que todos los clientes afectados podr\u00e1n reclamar \u00edntegramente las cantidades pagadas en exceso en los pr\u00e9stamos con IRPH.<\/p><h5><span style=\"color: #ff0000;\"><strong>\u00bfQUE SE RECLAMA?<\/strong><\/span><\/h5><p style=\"text-align: justify;\">Tras declarar nulo el IRPH, un juez nacional otorgar\u00e1 a los consumidores la opci\u00f3n de elegir entre mantener el pr\u00e9stamo con un \u00edndice sustitutivo o resolver el contrato. La sustituci\u00f3n por otro \u00edndice se aplicar\u00e1 desde la firma de la hipoteca en el caso de declaraci\u00f3n de nulidad del IRPH. Adem\u00e1s, los efectos de esta sentencia no tendr\u00e1n limitaciones temporales, lo que significa que todos los clientes afectados podr\u00e1n reclamar \u00edntegramente las cantidades pagadas en exceso en los pr\u00e9stamos con IRPH.<\/p><p>Para ilustrar la magnitud de los posibles beneficios para los clientes, como ejemplo, en una hipoteca de 170.000 euros a devolver en 25 a\u00f1os, con un tipo de inter\u00e9s variable de IRPH + 0,8% de diferencial, una familia podr\u00eda recuperar hasta 38.000 euros.<\/p>\t\t\t\t\t\t\t\t<\/div>\n\t\t\t\t<\/div>\n\t\t\t\t<\/div>\n\t\t\t\t\t<\/div>\n\t\t\t\t<\/div>\n\t\t<div class=\"elementor-element elementor-element-27253038 e-flex e-con-boxed e-con e-parent\" data-id=\"27253038\" data-element_type=\"container\" data-e-type=\"container\" data-settings=\"{&quot;background_background&quot;:&quot;classic&quot;}\">\n\t\t\t\t\t<div class=\"e-con-inner\">\n\t\t\t\t<div class=\"elementor-element elementor-element-312bd074 uael-heading-align-center elementor-widget elementor-widget-uael-advanced-heading\" data-id=\"312bd074\" data-element_type=\"widget\" data-e-type=\"widget\" data-widget_type=\"uael-advanced-heading.default\">\n\t\t\t\t<div class=\"elementor-widget-container\">\n\t\t\t\t\t\n\t\t<div class=\"uael-module-content uael-heading-wrapper\">\n\t\t\t\t\t\t<div class=\"uael-module-content uael-separator-parent\">\n\t\t\t\t\t\t\t\t\t\t\t\t\t<div class=\"uael-separator\"><\/div>\n\t\t\t\t\t\t\t<\/div>\n\t\t\t\t\t\t\n\t\t\t<h1 class=\"uael-heading\">\n\t\t\t\t\t\t\t\t\t\t<span class=\"uael-heading-text elementor-inline-editing uael-size--default\" data-elementor-setting-key=\"heading_title\" data-elementor-inline-editing-toolbar=\"basic\">CONT\u00c1CTANOS<\/span>\n\t\t\t\t\t\t\t<\/h1>\n\n\t\t\t\t\t\t\t<div class=\"uael-sub-heading elementor-inline-editing\" data-elementor-setting-key=\"sub_heading\" data-elementor-inline-editing-toolbar=\"advanced\" >PRONTO NOS COMUNICAREMOS<\/div>\n\t\t\t\n\t\t\t\n\t\t\t\n\t\t\t\t\t\t<\/div>\n\t\t\t\t\t\t<\/div>\n\t\t\t\t<\/div>\n\t\t\t\t<div class=\"elementor-element elementor-element-e8493fe elementor-button-align-center elementor-widget elementor-widget-form\" data-id=\"e8493fe\" data-element_type=\"widget\" data-e-type=\"widget\" data-settings=\"{&quot;step_next_label&quot;:&quot;Next&quot;,&quot;step_previous_label&quot;:&quot;Previous&quot;,&quot;button_width&quot;:&quot;100&quot;,&quot;step_type&quot;:&quot;number_text&quot;,&quot;step_icon_shape&quot;:&quot;circle&quot;}\" data-widget_type=\"form.default\">\n\t\t\t\t<div class=\"elementor-widget-container\">\n\t\t\t\t\t\t\t<form class=\"elementor-form\" method=\"post\" name=\"New Form\">\n\t\t\t<input type=\"hidden\" name=\"post_id\" value=\"7997\"\/>\n\t\t\t<input type=\"hidden\" name=\"form_id\" value=\"e8493fe\"\/>\n\t\t\t<input type=\"hidden\" name=\"referer_title\" value=\"\" \/>\n\n\t\t\t\n\t\t\t<div class=\"elementor-form-fields-wrapper elementor-labels-above\">\n\t\t\t\t\t\t\t\t<div class=\"elementor-field-type-text elementor-field-group elementor-column elementor-field-group-name elementor-col-100 elementor-field-required\">\n\t\t\t\t\t\t\t\t\t\t\t\t<label for=\"form-field-name\" class=\"elementor-field-label\">\n\t\t\t\t\t\t\t\tNombre\t\t\t\t\t\t\t<\/label>\n\t\t\t\t\t\t\t\t\t\t\t\t\t\t<input size=\"1\" type=\"text\" name=\"form_fields[name]\" id=\"form-field-name\" class=\"elementor-field elementor-size-sm  elementor-field-textual\" placeholder=\"Nombre\" required=\"required\" aria-required=\"true\">\n\t\t\t\t\t\t\t\t\t\t\t<\/div>\n\t\t\t\t\t\t\t\t<div class=\"elementor-field-type-email elementor-field-group elementor-column elementor-field-group-email elementor-col-100 elementor-field-required\">\n\t\t\t\t\t\t\t\t\t\t\t\t<label for=\"form-field-email\" class=\"elementor-field-label\">\n\t\t\t\t\t\t\t\tEmail\t\t\t\t\t\t\t<\/label>\n\t\t\t\t\t\t\t\t\t\t\t\t\t\t<input size=\"1\" type=\"email\" name=\"form_fields[email]\" id=\"form-field-email\" class=\"elementor-field elementor-size-sm  elementor-field-textual\" placeholder=\"Email\" required=\"required\" aria-required=\"true\">\n\t\t\t\t\t\t\t\t\t\t\t<\/div>\n\t\t\t\t\t\t\t\t<div class=\"elementor-field-type-textarea elementor-field-group elementor-column elementor-field-group-message elementor-col-100\">\n\t\t\t\t\t\t\t\t\t\t\t\t<label for=\"form-field-message\" class=\"elementor-field-label\">\n\t\t\t\t\t\t\t\tMensaje\t\t\t\t\t\t\t<\/label>\n\t\t\t\t\t\t<textarea class=\"elementor-field-textual elementor-field  elementor-size-sm\" name=\"form_fields[message]\" id=\"form-field-message\" rows=\"4\" placeholder=\"Mensaje\"><\/textarea>\t\t\t\t<\/div>\n\t\t\t\t\t\t\t\t<div class=\"elementor-field-type-number elementor-field-group elementor-column elementor-field-group-field_b332e0e elementor-col-20 elementor-field-required\">\n\t\t\t\t\t\t\t\t\t\t\t\t<label for=\"form-field-field_b332e0e\" class=\"elementor-field-label\">\n\t\t\t\t\t\t\t\t4 + 5 = ? \t\t\t\t\t\t\t<\/label>\n\t\t\t\t\t\t\t\t\t<input type=\"number\" name=\"form_fields[field_b332e0e]\" id=\"form-field-field_b332e0e\" class=\"elementor-field elementor-size-sm  elementor-field-textual\" placeholder=\"Escriba la respuesta\" required=\"required\" aria-required=\"true\" min=\"9\" max=\"9\" >\n\t\t\t\t\t\t<\/div>\n\t\t\t\t\t\t\t\t<div class=\"elementor-field-group elementor-column elementor-field-type-submit elementor-col-100 e-form__buttons\">\n\t\t\t\t\t<button type=\"submit\" class=\"elementor-button elementor-size-sm\">\n\t\t\t\t\t\t<span >\n\t\t\t\t\t\t\t\t\t\t\t\t\t\t\t<span class=\" elementor-button-icon\">\n\t\t\t\t\t\t\t\t\t\t\t\t\t\t\t\t\t\t\t\t\t\t\t\t\t\t<\/span>\n\t\t\t\t\t\t\t\t\t\t\t\t\t\t\t\t\t\t\t\t\t\t<span class=\"elementor-button-text\">Enviar<\/span>\n\t\t\t\t\t\t\t\t\t\t\t\t\t<\/span>\n\t\t\t\t\t<\/button>\n\t\t\t\t<\/div>\n\t\t\t<\/div>\n\t\t<\/form>\n\t\t\t\t\t\t<\/div>\n\t\t\t\t<\/div>\n\t\t\t\t<div class=\"elementor-element elementor-element-3558563c elementor-widget elementor-widget-text-editor\" data-id=\"3558563c\" data-element_type=\"widget\" data-e-type=\"widget\" data-widget_type=\"text-editor.default\">\n\t\t\t\t<div class=\"elementor-widget-container\">\n\t\t\t\t\t\t\t\t\t<p style=\"text-align: justify;\">Al enviar este formulario, presto mi consentimiento libre, informado, espec\u00edfico e inequ\u00edvoco y autorizo a IBERLEGAL a ponerse en contacto conmigo en los t\u00e9rminos previstos en la Pol\u00edtica de privacidad\u00a0, a trav\u00e9s de WHATSAPP MESSENGER, cuya\u00a0Pol\u00edtica de privacidad\u00a0est\u00e1 disponible en su p\u00e1gina web.<\/p>\t\t\t\t\t\t\t\t<\/div>\n\t\t\t\t<\/div>\n\t\t\t\t\t<\/div>\n\t\t\t\t<\/div>\n\t\t\t\t<\/div>\n\t\t","protected":false},"excerpt":{"rendered":"<p>IRPH En IBERLEGAL estamos comprometidos a agotar todas las instancias legales nacionales y europeas para que se escuche la voz del consumidor Leer m\u00e1s TARJETAS REVOLVING Si has estado pagando cuotas durante a\u00f1os pero tu deuda parece no disminuir, cons\u00faltanos Leer m\u00e1s CARTEL DE COCHES Si compraste un coche entre los a\u00f1os 2006 y 2013, es posible que puedas recuperar un porcentaje entre el 10% y el 15% del precio que pagaste por \u00e9l. Leer m\u00e1s FICHERO DE MOROSOS En IBERLEGAL te ayudamos a solicitar la indemnizaci\u00f3n por la inclusi\u00f3n en los ficheros de morosos. Leer m\u00e1s Se pide al TJUE que sea \u00abpreciso y contundente\u00bb en su resoluci\u00f3n sobre el IRPH en Europa. El \u00edndice de referencia de pr\u00e9stamos hipotecarios (IRPH) vuelve a ser objeto de controversia en Espa\u00f1a. Un juzgado de Mallorca ha elevado por tercera vez la cuesti\u00f3n al Tribunal de Justicia de la Uni\u00f3n Europea (TJUE) y ha solicitado que su resoluci\u00f3n sea \u201ccontundente, clara y precisa\u201d. La sentencia del TJUE dictamin\u00f3 que para que la cl\u00e1usula IRPH sea transparente, el consumidor debe recibir informaci\u00f3n clara y suficiente que le permita entender las condiciones y consecuencias econ\u00f3micas del mismo. Adem\u00e1s, inst\u00f3 a los jueces nacionales a&#8230;<\/p>\n","protected":false},"author":1,"featured_media":0,"parent":6861,"menu_order":0,"comment_status":"closed","ping_status":"closed","template":"elementor_header_footer","meta":{"footnotes":""},"class_list":["post-7997","page","type-page","status-publish","hentry"],"jetpack-related-posts":[],"jetpack_sharing_enabled":true,"_links":{"self":[{"href":"https:\/\/iberlegal.com\/home\/wp-json\/wp\/v2\/pages\/7997","targetHints":{"allow":["GET"]}}],"collection":[{"href":"https:\/\/iberlegal.com\/home\/wp-json\/wp\/v2\/pages"}],"about":[{"href":"https:\/\/iberlegal.com\/home\/wp-json\/wp\/v2\/types\/page"}],"author":[{"embeddable":true,"href":"https:\/\/iberlegal.com\/home\/wp-json\/wp\/v2\/users\/1"}],"replies":[{"embeddable":true,"href":"https:\/\/iberlegal.com\/home\/wp-json\/wp\/v2\/comments?post=7997"}],"version-history":[{"count":22,"href":"https:\/\/iberlegal.com\/home\/wp-json\/wp\/v2\/pages\/7997\/revisions"}],"predecessor-version":[{"id":8381,"href":"https:\/\/iberlegal.com\/home\/wp-json\/wp\/v2\/pages\/7997\/revisions\/8381"}],"up":[{"embeddable":true,"href":"https:\/\/iberlegal.com\/home\/wp-json\/wp\/v2\/pages\/6861"}],"wp:attachment":[{"href":"https:\/\/iberlegal.com\/home\/wp-json\/wp\/v2\/media?parent=7997"}],"curies":[{"name":"wp","href":"https:\/\/api.w.org\/{rel}","templated":true}]}}