{"id":7006,"date":"2017-06-26T16:26:35","date_gmt":"2017-06-26T16:26:35","guid":{"rendered":"https:\/\/iberlegal.com\/home\/?page_id=7006"},"modified":"2023-05-10T18:36:27","modified_gmt":"2023-05-10T18:36:27","slug":"derecho-de-familia-y-sucesiones","status":"publish","type":"page","link":"https:\/\/iberlegal.com\/home\/areas-de-practica\/derecho-de-familia-y-sucesiones\/","title":{"rendered":"Derecho de Familia y Sucesiones"},"content":{"rendered":"\t\t<div data-elementor-type=\"wp-page\" data-elementor-id=\"7006\" class=\"elementor elementor-7006\">\n\t\t\t\t<div class=\"elementor-element elementor-element-13c6a687 e-con-full e-flex e-con e-parent\" data-id=\"13c6a687\" data-element_type=\"container\" data-e-type=\"container\">\n\t\t\t\t<\/div>\n\t\t<div class=\"elementor-element elementor-element-17e493bc e-flex e-con-boxed e-con e-parent\" data-id=\"17e493bc\" data-element_type=\"container\" data-e-type=\"container\">\n\t\t\t\t\t<div class=\"e-con-inner\">\n\t\t<div class=\"elementor-element elementor-element-36f3f2b9 e-con-full e-flex e-con e-parent\" data-id=\"36f3f2b9\" data-element_type=\"container\" data-e-type=\"container\">\n\t\t\t\t<div class=\"elementor-element elementor-element-538b171d elementor-widget__width-initial elementor-widget elementor-widget-text-editor\" data-id=\"538b171d\" data-element_type=\"widget\" data-e-type=\"widget\" data-widget_type=\"text-editor.default\">\n\t\t\t\t<div class=\"elementor-widget-container\">\n\t\t\t\t\t\t\t\t\t<h3 style=\"text-align: center;\"><span style=\"color: #ffffff;\">IRPH<\/span><\/h3><p>En <strong>IBERLEGAL<\/strong> estamos comprometidos a agotar todas las instancias legales nacionales y europeas para que se escuche la voz del consumidor<\/p><p style=\"text-align: center;\"><strong><span style=\"color: #ff0000;\"><a style=\"color: #ff0000;\" href=\"https:\/\/iberlegal.com\/home\/areas-de-practica\/irph\/\">Leer m\u00e1s<\/a><\/span><\/strong><\/p>\t\t\t\t\t\t\t\t<\/div>\n\t\t\t\t<\/div>\n\t\t\t\t<\/div>\n\t\t<div class=\"elementor-element elementor-element-1818f0b6 e-con-full e-flex e-con e-parent\" data-id=\"1818f0b6\" data-element_type=\"container\" data-e-type=\"container\">\n\t\t\t\t<div class=\"elementor-element elementor-element-4887bd7d elementor-widget__width-initial elementor-widget elementor-widget-text-editor\" data-id=\"4887bd7d\" data-element_type=\"widget\" data-e-type=\"widget\" data-widget_type=\"text-editor.default\">\n\t\t\t\t<div class=\"elementor-widget-container\">\n\t\t\t\t\t\t\t\t\t<h3 style=\"text-align: center;\"><span style=\"color: #ffffff;\">TARJETAS REVOLVING<\/span><\/h3><p>Si has estado pagando cuotas durante a\u00f1os pero tu deuda parece no disminuir, cons\u00faltanos<\/p><p style=\"text-align: center;\"><strong><span style=\"color: #ff0000;\"><a style=\"color: #ff0000;\" href=\"https:\/\/iberlegal.com\/home\/areas-de-practica\/tarjetas-revolving\/\">Leer m\u00e1s<\/a><\/span><\/strong><\/p>\t\t\t\t\t\t\t\t<\/div>\n\t\t\t\t<\/div>\n\t\t\t\t<\/div>\n\t\t<div class=\"elementor-element elementor-element-74694368 e-con-full e-flex e-con e-parent\" data-id=\"74694368\" data-element_type=\"container\" data-e-type=\"container\">\n\t\t\t\t<div class=\"elementor-element elementor-element-38d5f05e elementor-widget__width-initial elementor-widget elementor-widget-text-editor\" data-id=\"38d5f05e\" data-element_type=\"widget\" data-e-type=\"widget\" data-widget_type=\"text-editor.default\">\n\t\t\t\t<div class=\"elementor-widget-container\">\n\t\t\t\t\t\t\t\t\t<h3 style=\"text-align: center;\"><span style=\"color: #ffffff;\">CARTEL DE COCHES<\/span><\/h3><p>Si compraste un coche entre los a\u00f1os 2006 y 2013, es posible que puedas recuperar un porcentaje entre el 10% y el 15% del precio que pagaste por \u00e9l.<\/p><p style=\"text-align: center;\"><strong><span style=\"color: #ff0000;\"><a style=\"color: #ff0000;\" href=\"https:\/\/iberlegal.com\/home\/areas-de-practica\/cartel-de-coches\/\">Leer m\u00e1s<\/a><\/span><\/strong><\/p>\t\t\t\t\t\t\t\t<\/div>\n\t\t\t\t<\/div>\n\t\t\t\t<\/div>\n\t\t<div class=\"elementor-element elementor-element-3cad46a6 e-con-full e-flex e-con e-parent\" data-id=\"3cad46a6\" data-element_type=\"container\" data-e-type=\"container\">\n\t\t\t\t<div class=\"elementor-element elementor-element-23924b3a elementor-widget__width-initial elementor-widget elementor-widget-text-editor\" data-id=\"23924b3a\" data-element_type=\"widget\" data-e-type=\"widget\" data-widget_type=\"text-editor.default\">\n\t\t\t\t<div class=\"elementor-widget-container\">\n\t\t\t\t\t\t\t\t\t<h3 style=\"text-align: center;\"><span style=\"color: #ffffff;\">FICHERO DE MOROSOS<\/span><\/h3><p>En <strong>IBERLEGAL<\/strong> te ayudamos a solicitar la indemnizaci\u00f3n por la inclusi\u00f3n en los ficheros de morosos.<\/p><p style=\"text-align: center;\"><strong><span style=\"color: #ff0000;\"><a style=\"color: #ff0000;\" href=\"https:\/\/iberlegal.com\/home\/areas-de-practica\/fichero-morosos\/\">Leer m\u00e1s<\/a><\/span><\/strong><\/p>\t\t\t\t\t\t\t\t<\/div>\n\t\t\t\t<\/div>\n\t\t\t\t<\/div>\n\t\t\t\t\t<\/div>\n\t\t\t\t<\/div>\n\t\t<div class=\"elementor-element elementor-element-2afe78a e-flex e-con-boxed e-con e-parent\" data-id=\"2afe78a\" data-element_type=\"container\" data-e-type=\"container\">\n\t\t\t\t\t<div class=\"e-con-inner\">\n\t\t<div class=\"elementor-element elementor-element-4281606c e-con-full e-flex e-con e-parent\" data-id=\"4281606c\" data-element_type=\"container\" data-e-type=\"container\">\n\t\t\t\t<div class=\"elementor-element elementor-element-7dd6460d elementor-widget elementor-widget-sidebar\" data-id=\"7dd6460d\" data-element_type=\"widget\" data-e-type=\"widget\" data-widget_type=\"sidebar.default\">\n\t\t\t\t<div class=\"elementor-widget-container\">\n\t\t\t\t\t<div class=\"widget widget_media_image\" id=\"media_image-2\"><img decoding=\"async\" width=\"222\" height=\"177\" src=\"https:\/\/i0.wp.com\/iberlegal.com\/home\/wp-content\/uploads\/2017\/06\/call_us1.jpg?fit=222%2C177&amp;ssl=1\" class=\"image wp-image-7005  attachment-full size-full\" alt=\"\" style=\"max-width: 100%; height: auto;\" srcset=\"https:\/\/i0.wp.com\/iberlegal.com\/home\/wp-content\/uploads\/2017\/06\/call_us1.jpg?w=222&amp;ssl=1 222w, https:\/\/i0.wp.com\/iberlegal.com\/home\/wp-content\/uploads\/2017\/06\/call_us1.jpg?resize=81%2C65&amp;ssl=1 81w\" sizes=\"(max-width: 222px) 100vw, 222px\" \/><\/div><div class=\"widget widget_media_image\" id=\"media_image-1\"><a href=\"http:\/\/rcqq.com\/ibelregal\/hipotecas\/\"><img decoding=\"async\" width=\"222\" height=\"177\" src=\"https:\/\/i0.wp.com\/iberlegal.com\/home\/wp-content\/uploads\/2017\/07\/calculator1.jpg?fit=222%2C177&amp;ssl=1\" class=\"image wp-image-7085  attachment-full size-full\" alt=\"\" style=\"max-width: 100%; height: auto;\" srcset=\"https:\/\/i0.wp.com\/iberlegal.com\/home\/wp-content\/uploads\/2017\/07\/calculator1.jpg?w=222&amp;ssl=1 222w, https:\/\/i0.wp.com\/iberlegal.com\/home\/wp-content\/uploads\/2017\/07\/calculator1.jpg?resize=81%2C65&amp;ssl=1 81w\" sizes=\"(max-width: 222px) 100vw, 222px\" \/><\/a><\/div><div class=\"widget widget_text\" id=\"text-4\">\t\t\t<div class=\"textwidget\"><p>____________________________________<\/p>\n<div class=\"w-text-block\">\n<p class=\"d\">Calle Juan Fernandez Nro. 16 C.P. 30204<br \/>\nPhone: (0034)-900-907029<br \/>\nFax:(0034)-868-866778<br \/>\nemail: info@iberlegal.com<br \/>\nCartagena &#8211; Murcia<br \/>\nEspa\u00f1a<\/p>\n<\/div>\n<\/div>\n\t\t<\/div><div class=\"widget widget_contact_info\" id=\"widget_contact_info-2\"><div itemscope itemtype=\"http:\/\/schema.org\/LocalBusiness\"><div class=\"confit-address\" itemscope itemtype=\"http:\/\/schema.org\/PostalAddress\" itemprop=\"address\"><a href=\"https:\/\/maps.google.com\/maps?z=16&#038;q=calle%2Bjuan%2Bfernandez%2Bnro.%2B16%2Bc.p.%2B30204%2Bfax%3A%280034%29-868-866778%2Bcartagena%2B-%2Bmurcia%2Bespa%C3%B1a\" target=\"_blank\" rel=\"noopener noreferrer\">Calle Juan Fernandez Nro. 16 C.P. 30204\r<br\/>Fax:(0034)-868-866778\r<br\/>Cartagena - Murcia\r<br\/>Espa\u00f1a<\/a><\/div><div class=\"confit-phone\"><span itemprop=\"telephone\">(0034)-900-907029<\/span><\/div><div class=\"confit-email\"><a href=\"mailto:info@iberlegal.com\">info@iberlegal.com<\/a><\/div><\/div><\/div>\t\t\t\t<\/div>\n\t\t\t\t<\/div>\n\t\t\t\t<\/div>\n\t\t<div class=\"elementor-element elementor-element-76d13edc e-con-full e-flex e-con e-parent\" data-id=\"76d13edc\" data-element_type=\"container\" data-e-type=\"container\">\n\t\t\t\t<div class=\"elementor-element elementor-element-7b64dc7 elementor-widget__width-initial elementor-widget elementor-widget-text-editor\" data-id=\"7b64dc7\" data-element_type=\"widget\" data-e-type=\"widget\" data-widget_type=\"text-editor.default\">\n\t\t\t\t<div class=\"elementor-widget-container\">\n\t\t\t\t\t\t\t\t\t<p style=\"text-align: justify;\">La separaci\u00f3n, el divorcio y la ruptura de la convivencia son situaciones emocionales y complejas que pueden afectar profundamente a la pareja, sus hijos y a su patrimonio. En estos casos, contar con un buen asesoramiento jur\u00eddico es fundamental para proteger los intereses de todas las partes implicadas. En nuestro despacho de abogados contamos con un equipo especializado en derecho de familia que ofrece un trato personalizado y sensible a las necesidades de cada cliente.<\/p><p style=\"text-align: justify;\">Nuestros abogados expertos en derecho de familia est\u00e1n preparados para guiar a sus clientes en todas las etapas del proceso de separaci\u00f3n, divorcio y ruptura de la convivencia. Desde la negociaci\u00f3n de acuerdos de separaci\u00f3n y divorcio, la regulaci\u00f3n de medidas paternofiliales, la liquidaci\u00f3n del r\u00e9gimen econ\u00f3mico matrimonial hasta la adjudicaci\u00f3n de bienes, nuestros abogados ofrecen una amplia gama de servicios legales para garantizar una resoluci\u00f3n justa y equitativa del conflicto.<\/p><p style=\"text-align: justify;\">Adem\u00e1s, nuestros abogados tambi\u00e9n brindan asesoramiento en la modificaci\u00f3n de acuerdos y convenios previos, en el cumplimiento de las obligaciones de alimentos y en la reclamaci\u00f3n de herencias. Estos asuntos pueden ser especialmente complejos y dif\u00edciles, por lo que contar con la experiencia y el conocimiento de nuestros abogados puede resultar esencial para lograr una resoluci\u00f3n satisfactoria.<\/p><p style=\"text-align: justify;\">En definitiva, en nuestro despacho de abogados nos preocupamos por ofrecer un trato humano y comprensivo a nuestros clientes, y por ofrecer soluciones adaptadas a sus necesidades y circunstancias. Con una atenci\u00f3n personalizada, un enfoque pr\u00e1ctico y un profundo conocimiento del derecho de familia, estamos preparados para guiar a nuestros clientes a trav\u00e9s de los desaf\u00edos legales y emocionales de la separaci\u00f3n, el divorcio y la ruptura de la convivencia.<\/p>\t\t\t\t\t\t\t\t<\/div>\n\t\t\t\t<\/div>\n\t\t\t\t<\/div>\n\t\t\t\t\t<\/div>\n\t\t\t\t<\/div>\n\t\t<div class=\"elementor-element elementor-element-179b5621 e-flex e-con-boxed e-con e-parent\" data-id=\"179b5621\" data-element_type=\"container\" data-e-type=\"container\" data-settings=\"{&quot;background_background&quot;:&quot;classic&quot;}\">\n\t\t\t\t\t<div class=\"e-con-inner\">\n\t\t\t\t<div class=\"elementor-element elementor-element-6cd4dc62 uael-heading-align-center elementor-widget elementor-widget-uael-advanced-heading\" data-id=\"6cd4dc62\" data-element_type=\"widget\" data-e-type=\"widget\" data-widget_type=\"uael-advanced-heading.default\">\n\t\t\t\t<div class=\"elementor-widget-container\">\n\t\t\t\t\t\n\t\t<div class=\"uael-module-content uael-heading-wrapper\">\n\t\t\t\t\t\t<div class=\"uael-module-content uael-separator-parent\">\n\t\t\t\t\t\t\t\t\t\t\t\t\t<div class=\"uael-separator\"><\/div>\n\t\t\t\t\t\t\t<\/div>\n\t\t\t\t\t\t\n\t\t\t<h1 class=\"uael-heading\">\n\t\t\t\t\t\t\t\t\t\t<span class=\"uael-heading-text elementor-inline-editing uael-size--default\" data-elementor-setting-key=\"heading_title\" data-elementor-inline-editing-toolbar=\"basic\">CONT\u00c1CTANOS<\/span>\n\t\t\t\t\t\t\t<\/h1>\n\n\t\t\t\t\t\t\t<div class=\"uael-sub-heading elementor-inline-editing\" data-elementor-setting-key=\"sub_heading\" data-elementor-inline-editing-toolbar=\"advanced\" >PRONTO NOS COMUNICAREMOS<\/div>\n\t\t\t\n\t\t\t\n\t\t\t\n\t\t\t\t\t\t<\/div>\n\t\t\t\t\t\t<\/div>\n\t\t\t\t<\/div>\n\t\t\t\t<div class=\"elementor-element elementor-element-6b6275db elementor-button-align-center elementor-widget elementor-widget-form\" data-id=\"6b6275db\" data-element_type=\"widget\" data-e-type=\"widget\" data-settings=\"{&quot;step_next_label&quot;:&quot;Next&quot;,&quot;step_previous_label&quot;:&quot;Previous&quot;,&quot;button_width&quot;:&quot;100&quot;,&quot;step_type&quot;:&quot;number_text&quot;,&quot;step_icon_shape&quot;:&quot;circle&quot;}\" data-widget_type=\"form.default\">\n\t\t\t\t<div class=\"elementor-widget-container\">\n\t\t\t\t\t\t\t<form class=\"elementor-form\" method=\"post\" name=\"New Form\">\n\t\t\t<input type=\"hidden\" name=\"post_id\" value=\"7006\"\/>\n\t\t\t<input type=\"hidden\" name=\"form_id\" value=\"6b6275db\"\/>\n\t\t\t<input type=\"hidden\" name=\"referer_title\" value=\"\" \/>\n\n\t\t\t\n\t\t\t<div class=\"elementor-form-fields-wrapper elementor-labels-above\">\n\t\t\t\t\t\t\t\t<div class=\"elementor-field-type-text elementor-field-group elementor-column elementor-field-group-name elementor-col-100 elementor-field-required\">\n\t\t\t\t\t\t\t\t\t\t\t\t<label for=\"form-field-name\" class=\"elementor-field-label\">\n\t\t\t\t\t\t\t\tNombre\t\t\t\t\t\t\t<\/label>\n\t\t\t\t\t\t\t\t\t\t\t\t\t\t<input size=\"1\" type=\"text\" name=\"form_fields[name]\" id=\"form-field-name\" class=\"elementor-field elementor-size-sm  elementor-field-textual\" placeholder=\"Nombre\" required=\"required\" aria-required=\"true\">\n\t\t\t\t\t\t\t\t\t\t\t<\/div>\n\t\t\t\t\t\t\t\t<div class=\"elementor-field-type-email elementor-field-group elementor-column elementor-field-group-email elementor-col-100 elementor-field-required\">\n\t\t\t\t\t\t\t\t\t\t\t\t<label for=\"form-field-email\" class=\"elementor-field-label\">\n\t\t\t\t\t\t\t\tEmail\t\t\t\t\t\t\t<\/label>\n\t\t\t\t\t\t\t\t\t\t\t\t\t\t<input size=\"1\" type=\"email\" name=\"form_fields[email]\" id=\"form-field-email\" class=\"elementor-field elementor-size-sm  elementor-field-textual\" placeholder=\"Email\" required=\"required\" aria-required=\"true\">\n\t\t\t\t\t\t\t\t\t\t\t<\/div>\n\t\t\t\t\t\t\t\t<div class=\"elementor-field-type-textarea elementor-field-group elementor-column elementor-field-group-message elementor-col-100\">\n\t\t\t\t\t\t\t\t\t\t\t\t<label for=\"form-field-message\" class=\"elementor-field-label\">\n\t\t\t\t\t\t\t\tMensaje\t\t\t\t\t\t\t<\/label>\n\t\t\t\t\t\t<textarea class=\"elementor-field-textual elementor-field  elementor-size-sm\" name=\"form_fields[message]\" id=\"form-field-message\" rows=\"4\" placeholder=\"Mensaje\"><\/textarea>\t\t\t\t<\/div>\n\t\t\t\t\t\t\t\t<div class=\"elementor-field-type-number elementor-field-group elementor-column elementor-field-group-field_b332e0e elementor-col-20 elementor-field-required\">\n\t\t\t\t\t\t\t\t\t\t\t\t<label for=\"form-field-field_b332e0e\" class=\"elementor-field-label\">\n\t\t\t\t\t\t\t\t4 + 5 = ? \t\t\t\t\t\t\t<\/label>\n\t\t\t\t\t\t\t\t\t<input type=\"number\" name=\"form_fields[field_b332e0e]\" id=\"form-field-field_b332e0e\" class=\"elementor-field elementor-size-sm  elementor-field-textual\" placeholder=\"Escriba la respuesta\" required=\"required\" aria-required=\"true\" min=\"9\" max=\"9\" >\n\t\t\t\t\t\t<\/div>\n\t\t\t\t\t\t\t\t<div class=\"elementor-field-group elementor-column elementor-field-type-submit elementor-col-100 e-form__buttons\">\n\t\t\t\t\t<button type=\"submit\" class=\"elementor-button elementor-size-sm\">\n\t\t\t\t\t\t<span >\n\t\t\t\t\t\t\t\t\t\t\t\t\t\t\t<span class=\" elementor-button-icon\">\n\t\t\t\t\t\t\t\t\t\t\t\t\t\t\t\t\t\t\t\t\t\t\t\t\t\t<\/span>\n\t\t\t\t\t\t\t\t\t\t\t\t\t\t\t\t\t\t\t\t\t\t<span class=\"elementor-button-text\">Enviar<\/span>\n\t\t\t\t\t\t\t\t\t\t\t\t\t<\/span>\n\t\t\t\t\t<\/button>\n\t\t\t\t<\/div>\n\t\t\t<\/div>\n\t\t<\/form>\n\t\t\t\t\t\t<\/div>\n\t\t\t\t<\/div>\n\t\t\t\t<div class=\"elementor-element elementor-element-72a70f1d elementor-widget elementor-widget-text-editor\" data-id=\"72a70f1d\" data-element_type=\"widget\" data-e-type=\"widget\" data-widget_type=\"text-editor.default\">\n\t\t\t\t<div class=\"elementor-widget-container\">\n\t\t\t\t\t\t\t\t\t<p style=\"text-align: justify;\">Al enviar este formulario, presto mi consentimiento libre, informado, espec\u00edfico e inequ\u00edvoco y autorizo a IBERLEGAL a ponerse en contacto conmigo en los t\u00e9rminos previstos en la Pol\u00edtica de privacidad\u00a0, a trav\u00e9s de WHATSAPP MESSENGER, cuya\u00a0Pol\u00edtica de privacidad\u00a0est\u00e1 disponible en su p\u00e1gina web.<\/p>\t\t\t\t\t\t\t\t<\/div>\n\t\t\t\t<\/div>\n\t\t\t\t\t<\/div>\n\t\t\t\t<\/div>\n\t\t\t\t<\/div>\n\t\t","protected":false},"excerpt":{"rendered":"<p>IRPH En IBERLEGAL estamos comprometidos a agotar todas las instancias legales nacionales y europeas para que se escuche la voz del consumidor Leer m\u00e1s TARJETAS REVOLVING Si has estado pagando cuotas durante a\u00f1os pero tu deuda parece no disminuir, cons\u00faltanos Leer m\u00e1s CARTEL DE COCHES Si compraste un coche entre los a\u00f1os 2006 y 2013, es posible que puedas recuperar un porcentaje entre el 10% y el 15% del precio que pagaste por \u00e9l. Leer m\u00e1s FICHERO DE MOROSOS En IBERLEGAL te ayudamos a solicitar la indemnizaci\u00f3n por la inclusi\u00f3n en los ficheros de morosos. Leer m\u00e1s La separaci\u00f3n, el divorcio y la ruptura de la convivencia son situaciones emocionales y complejas que pueden afectar profundamente a la pareja, sus hijos y a su patrimonio. En estos casos, contar con un buen asesoramiento jur\u00eddico es fundamental para proteger los intereses de todas las partes implicadas. En nuestro despacho de abogados contamos con un equipo especializado en derecho de familia que ofrece un trato personalizado y sensible a las necesidades de cada cliente. Nuestros abogados expertos en derecho de familia est\u00e1n preparados para guiar a sus clientes en todas las etapas del proceso de separaci\u00f3n, divorcio y ruptura de la convivencia&#8230;.<\/p>\n","protected":false},"author":1,"featured_media":0,"parent":6861,"menu_order":0,"comment_status":"closed","ping_status":"closed","template":"elementor_header_footer","meta":{"footnotes":""},"class_list":["post-7006","page","type-page","status-publish","hentry"],"jetpack-related-posts":[],"jetpack_sharing_enabled":true,"_links":{"self":[{"href":"https:\/\/iberlegal.com\/home\/wp-json\/wp\/v2\/pages\/7006","targetHints":{"allow":["GET"]}}],"collection":[{"href":"https:\/\/iberlegal.com\/home\/wp-json\/wp\/v2\/pages"}],"about":[{"href":"https:\/\/iberlegal.com\/home\/wp-json\/wp\/v2\/types\/page"}],"author":[{"embeddable":true,"href":"https:\/\/iberlegal.com\/home\/wp-json\/wp\/v2\/users\/1"}],"replies":[{"embeddable":true,"href":"https:\/\/iberlegal.com\/home\/wp-json\/wp\/v2\/comments?post=7006"}],"version-history":[{"count":27,"href":"https:\/\/iberlegal.com\/home\/wp-json\/wp\/v2\/pages\/7006\/revisions"}],"predecessor-version":[{"id":8353,"href":"https:\/\/iberlegal.com\/home\/wp-json\/wp\/v2\/pages\/7006\/revisions\/8353"}],"up":[{"embeddable":true,"href":"https:\/\/iberlegal.com\/home\/wp-json\/wp\/v2\/pages\/6861"}],"wp:attachment":[{"href":"https:\/\/iberlegal.com\/home\/wp-json\/wp\/v2\/media?parent=7006"}],"curies":[{"name":"wp","href":"https:\/\/api.w.org\/{rel}","templated":true}]}}