{"id":6907,"date":"2017-06-26T13:32:48","date_gmt":"2017-06-26T13:32:48","guid":{"rendered":"https:\/\/iberlegal.com\/home\/?page_id=6907"},"modified":"2023-05-10T18:41:39","modified_gmt":"2023-05-10T18:41:39","slug":"seguros","status":"publish","type":"page","link":"https:\/\/iberlegal.com\/home\/seguros\/","title":{"rendered":"Seguros"},"content":{"rendered":"\t\t<div data-elementor-type=\"wp-page\" data-elementor-id=\"6907\" class=\"elementor elementor-6907\">\n\t\t\t\t<div class=\"elementor-element elementor-element-efa461a e-con-full e-flex e-con e-parent\" data-id=\"efa461a\" data-element_type=\"container\" data-e-type=\"container\">\n\t\t\t\t<\/div>\n\t\t<div class=\"elementor-element elementor-element-4d412237 e-flex e-con-boxed e-con e-parent\" data-id=\"4d412237\" data-element_type=\"container\" data-e-type=\"container\">\n\t\t\t\t\t<div class=\"e-con-inner\">\n\t\t<div class=\"elementor-element elementor-element-7f6edf5b e-con-full e-flex e-con e-parent\" data-id=\"7f6edf5b\" data-element_type=\"container\" data-e-type=\"container\">\n\t\t\t\t<div class=\"elementor-element elementor-element-49929489 elementor-widget__width-initial elementor-widget elementor-widget-text-editor\" data-id=\"49929489\" data-element_type=\"widget\" data-e-type=\"widget\" data-widget_type=\"text-editor.default\">\n\t\t\t\t<div class=\"elementor-widget-container\">\n\t\t\t\t\t\t\t\t\t<h3 style=\"text-align: center;\"><span style=\"color: #ffffff;\">IRPH<\/span><\/h3><p>En <strong>IBERLEGAL<\/strong> estamos comprometidos a agotar todas las instancias legales nacionales y europeas para que se escuche la voz del consumidor<\/p><p style=\"text-align: center;\"><strong><span style=\"color: #ff0000;\"><a style=\"color: #ff0000;\" href=\"https:\/\/iberlegal.com\/home\/areas-de-practica\/irph\/\">Leer m\u00e1s<\/a><\/span><\/strong><\/p>\t\t\t\t\t\t\t\t<\/div>\n\t\t\t\t<\/div>\n\t\t\t\t<\/div>\n\t\t<div class=\"elementor-element elementor-element-1f5a3d89 e-con-full e-flex e-con e-parent\" data-id=\"1f5a3d89\" data-element_type=\"container\" data-e-type=\"container\">\n\t\t\t\t<div class=\"elementor-element elementor-element-5b89e680 elementor-widget__width-initial elementor-widget elementor-widget-text-editor\" data-id=\"5b89e680\" data-element_type=\"widget\" data-e-type=\"widget\" data-widget_type=\"text-editor.default\">\n\t\t\t\t<div class=\"elementor-widget-container\">\n\t\t\t\t\t\t\t\t\t<h3 style=\"text-align: center;\"><span style=\"color: #ffffff;\">TARJETAS REVOLVING<\/span><\/h3><p>Si has estado pagando cuotas durante a\u00f1os pero tu deuda parece no disminuir, cons\u00faltanos<\/p><p style=\"text-align: center;\"><strong><span style=\"color: #ff0000;\"><a style=\"color: #ff0000;\" href=\"https:\/\/iberlegal.com\/home\/areas-de-practica\/tarjetas-revolving\/\">Leer m\u00e1s<\/a><\/span><\/strong><\/p>\t\t\t\t\t\t\t\t<\/div>\n\t\t\t\t<\/div>\n\t\t\t\t<\/div>\n\t\t<div class=\"elementor-element elementor-element-40831849 e-con-full e-flex e-con e-parent\" data-id=\"40831849\" data-element_type=\"container\" data-e-type=\"container\">\n\t\t\t\t<div class=\"elementor-element elementor-element-47ed506a elementor-widget__width-initial elementor-widget elementor-widget-text-editor\" data-id=\"47ed506a\" data-element_type=\"widget\" data-e-type=\"widget\" data-widget_type=\"text-editor.default\">\n\t\t\t\t<div class=\"elementor-widget-container\">\n\t\t\t\t\t\t\t\t\t<h3 style=\"text-align: center;\"><span style=\"color: #ffffff;\">CARTEL DE COCHES<\/span><\/h3><p>Si compraste un coche entre los a\u00f1os 2006 y 2013, es posible que puedas recuperar un porcentaje entre el 10% y el 15% del precio que pagaste por \u00e9l.<\/p><p style=\"text-align: center;\"><strong><span style=\"color: #ff0000;\"><a style=\"color: #ff0000;\" href=\"https:\/\/iberlegal.com\/home\/areas-de-practica\/cartel-de-coches\/\">Leer m\u00e1s<\/a><\/span><\/strong><\/p>\t\t\t\t\t\t\t\t<\/div>\n\t\t\t\t<\/div>\n\t\t\t\t<\/div>\n\t\t<div class=\"elementor-element elementor-element-766b57bd e-con-full e-flex e-con e-parent\" data-id=\"766b57bd\" data-element_type=\"container\" data-e-type=\"container\">\n\t\t\t\t<div class=\"elementor-element elementor-element-2623b6d7 elementor-widget__width-initial elementor-widget elementor-widget-text-editor\" data-id=\"2623b6d7\" data-element_type=\"widget\" data-e-type=\"widget\" data-widget_type=\"text-editor.default\">\n\t\t\t\t<div class=\"elementor-widget-container\">\n\t\t\t\t\t\t\t\t\t<h3 style=\"text-align: center;\"><span style=\"color: #ffffff;\">FICHERO DE MOROSOS<\/span><\/h3><p>En <strong>IBERLEGAL<\/strong> te ayudamos a solicitar la indemnizaci\u00f3n por la inclusi\u00f3n en los ficheros de morosos.<\/p><p style=\"text-align: center;\"><strong><span style=\"color: #ff0000;\"><a style=\"color: #ff0000;\" href=\"https:\/\/iberlegal.com\/home\/areas-de-practica\/fichero-morosos\/\">Leer m\u00e1s<\/a><\/span><\/strong><\/p>\t\t\t\t\t\t\t\t<\/div>\n\t\t\t\t<\/div>\n\t\t\t\t<\/div>\n\t\t\t\t\t<\/div>\n\t\t\t\t<\/div>\n\t\t<div class=\"elementor-element elementor-element-1521452b e-flex e-con-boxed e-con e-parent\" data-id=\"1521452b\" data-element_type=\"container\" data-e-type=\"container\">\n\t\t\t\t\t<div class=\"e-con-inner\">\n\t\t<div class=\"elementor-element elementor-element-2d3bb4f5 e-con-full e-flex e-con e-parent\" data-id=\"2d3bb4f5\" data-element_type=\"container\" data-e-type=\"container\">\n\t\t\t\t<div class=\"elementor-element elementor-element-72a0a750 elementor-widget elementor-widget-sidebar\" data-id=\"72a0a750\" data-element_type=\"widget\" data-e-type=\"widget\" data-widget_type=\"sidebar.default\">\n\t\t\t\t<div class=\"elementor-widget-container\">\n\t\t\t\t\t<div class=\"widget widget_media_image\" id=\"media_image-2\"><img decoding=\"async\" width=\"222\" height=\"177\" src=\"https:\/\/i0.wp.com\/iberlegal.com\/home\/wp-content\/uploads\/2017\/06\/call_us1.jpg?fit=222%2C177&amp;ssl=1\" class=\"image wp-image-7005  attachment-full size-full\" alt=\"\" style=\"max-width: 100%; height: auto;\" srcset=\"https:\/\/i0.wp.com\/iberlegal.com\/home\/wp-content\/uploads\/2017\/06\/call_us1.jpg?w=222&amp;ssl=1 222w, https:\/\/i0.wp.com\/iberlegal.com\/home\/wp-content\/uploads\/2017\/06\/call_us1.jpg?resize=81%2C65&amp;ssl=1 81w\" sizes=\"(max-width: 222px) 100vw, 222px\" \/><\/div><div class=\"widget widget_media_image\" id=\"media_image-1\"><a href=\"http:\/\/rcqq.com\/ibelregal\/hipotecas\/\"><img decoding=\"async\" width=\"222\" height=\"177\" src=\"https:\/\/i0.wp.com\/iberlegal.com\/home\/wp-content\/uploads\/2017\/07\/calculator1.jpg?fit=222%2C177&amp;ssl=1\" class=\"image wp-image-7085  attachment-full size-full\" alt=\"\" style=\"max-width: 100%; height: auto;\" srcset=\"https:\/\/i0.wp.com\/iberlegal.com\/home\/wp-content\/uploads\/2017\/07\/calculator1.jpg?w=222&amp;ssl=1 222w, https:\/\/i0.wp.com\/iberlegal.com\/home\/wp-content\/uploads\/2017\/07\/calculator1.jpg?resize=81%2C65&amp;ssl=1 81w\" sizes=\"(max-width: 222px) 100vw, 222px\" \/><\/a><\/div><div class=\"widget widget_text\" id=\"text-4\">\t\t\t<div class=\"textwidget\"><p>____________________________________<\/p>\n<div class=\"w-text-block\">\n<p class=\"d\">Calle Juan Fernandez Nro. 16 C.P. 30204<br \/>\nPhone: (0034)-900-907029<br \/>\nFax:(0034)-868-866778<br \/>\nemail: info@iberlegal.com<br \/>\nCartagena &#8211; Murcia<br \/>\nEspa\u00f1a<\/p>\n<\/div>\n<\/div>\n\t\t<\/div><div class=\"widget widget_contact_info\" id=\"widget_contact_info-2\"><div itemscope itemtype=\"http:\/\/schema.org\/LocalBusiness\"><div class=\"confit-address\" itemscope itemtype=\"http:\/\/schema.org\/PostalAddress\" itemprop=\"address\"><a href=\"https:\/\/maps.google.com\/maps?z=16&#038;q=calle%2Bjuan%2Bfernandez%2Bnro.%2B16%2Bc.p.%2B30204%2Bfax%3A%280034%29-868-866778%2Bcartagena%2B-%2Bmurcia%2Bespa%C3%B1a\" target=\"_blank\" rel=\"noopener noreferrer\">Calle Juan Fernandez Nro. 16 C.P. 30204\r<br\/>Fax:(0034)-868-866778\r<br\/>Cartagena - Murcia\r<br\/>Espa\u00f1a<\/a><\/div><div class=\"confit-phone\"><span itemprop=\"telephone\">(0034)-900-907029<\/span><\/div><div class=\"confit-email\"><a href=\"mailto:info@iberlegal.com\">info@iberlegal.com<\/a><\/div><\/div><\/div>\t\t\t\t<\/div>\n\t\t\t\t<\/div>\n\t\t\t\t<\/div>\n\t\t<div class=\"elementor-element elementor-element-79178cac e-con-full e-flex e-con e-parent\" data-id=\"79178cac\" data-element_type=\"container\" data-e-type=\"container\">\n\t\t\t\t<div class=\"elementor-element elementor-element-73e0891e elementor-widget__width-initial elementor-widget elementor-widget-text-editor\" data-id=\"73e0891e\" data-element_type=\"widget\" data-e-type=\"widget\" data-widget_type=\"text-editor.default\">\n\t\t\t\t<div class=\"elementor-widget-container\">\n\t\t\t\t\t\t\t\t\t<p style=\"text-align: justify;\">En nuestro despacho de abogados, nos preocupamos por nuestros clientes y su seguridad financiera, por eso contamos con paquetes de seguros completos para cubrir las necesidades de cada persona o empresa. Adem\u00e1s, como agencia de seguros independiente, podemos ofrecer una amplia variedad de opciones de diferentes aseguradoras para poder ofrecer la mejor cobertura adaptada a las necesidades de cada cliente.<\/p><p style=\"text-align: justify;\">Nos enfocamos en brindar asesoramiento personalizado para que nuestros clientes puedan tomar decisiones informadas y sentirse seguros con su elecci\u00f3n. Nuestros expertos en seguros analizan los riesgos espec\u00edficos de cada cliente y ofrecen opciones de cobertura adecuadas para minimizar el riesgo y garantizar la protecci\u00f3n adecuada.<\/p><p style=\"text-align: justify;\">Trabajamos en estrecha colaboraci\u00f3n con cada cliente para ayudarles a ahorrar dinero en el proceso, evitando la compra de coberturas que no son necesarias y buscando opciones m\u00e1s econ\u00f3micas sin sacrificar la calidad de la protecci\u00f3n. Nuestra meta es ayudar a nuestros clientes a proteger su patrimonio y su futuro financiero, al tiempo que se ajusta a su presupuesto.<\/p><p style=\"text-align: justify;\">Nos enorgullecemos de nuestra amplia experiencia en el sector de los seguros, y nos mantenemos actualizados en las \u00faltimas tendencias y regulaciones del mercado para poder brindar un asesoramiento actualizado y eficiente. Ofrecemos un servicio personalizado y eficiente, manteniendo una comunicaci\u00f3n abierta y transparente con nuestros clientes en todo momento.<\/p><p style=\"text-align: justify;\">No deje su seguridad financiera al azar, cont\u00e1ctenos para obtener el mejor asesoramiento en seguros. Con nuestro enfoque personalizado y nuestra amplia experiencia, podemos ayudarlo a tomar decisiones informadas y sentirse protegido en todo momento.<\/p><p style=\"text-align: center;\"><img fetchpriority=\"high\" decoding=\"async\" data-recalc-dims=\"1\" class=\"alignnone wp-image-6729 size-large\" src=\"https:\/\/i0.wp.com\/iberlegal.com\/home\/wp-content\/uploads\/2017\/06\/slider2-1024x576.jpg?resize=1024%2C576&#038;ssl=1\" alt=\"\" width=\"1024\" height=\"576\" srcset=\"https:\/\/i0.wp.com\/iberlegal.com\/home\/wp-content\/uploads\/2017\/06\/slider2.jpg?resize=1024%2C576&amp;ssl=1 1024w, https:\/\/i0.wp.com\/iberlegal.com\/home\/wp-content\/uploads\/2017\/06\/slider2.jpg?resize=300%2C169&amp;ssl=1 300w, https:\/\/i0.wp.com\/iberlegal.com\/home\/wp-content\/uploads\/2017\/06\/slider2.jpg?resize=768%2C432&amp;ssl=1 768w, https:\/\/i0.wp.com\/iberlegal.com\/home\/wp-content\/uploads\/2017\/06\/slider2.jpg?resize=1536%2C864&amp;ssl=1 1536w, https:\/\/i0.wp.com\/iberlegal.com\/home\/wp-content\/uploads\/2017\/06\/slider2.jpg?resize=1200%2C675&amp;ssl=1 1200w, https:\/\/i0.wp.com\/iberlegal.com\/home\/wp-content\/uploads\/2017\/06\/slider2.jpg?resize=420%2C236&amp;ssl=1 420w, https:\/\/i0.wp.com\/iberlegal.com\/home\/wp-content\/uploads\/2017\/06\/slider2.jpg?resize=81%2C46&amp;ssl=1 81w, https:\/\/i0.wp.com\/iberlegal.com\/home\/wp-content\/uploads\/2017\/06\/slider2.jpg?w=1920&amp;ssl=1 1920w\" sizes=\"(max-width: 1024px) 100vw, 1024px\" \/><\/p>\t\t\t\t\t\t\t\t<\/div>\n\t\t\t\t<\/div>\n\t\t\t\t<\/div>\n\t\t\t\t\t<\/div>\n\t\t\t\t<\/div>\n\t\t<div class=\"elementor-element elementor-element-4fca627d e-flex e-con-boxed e-con e-parent\" data-id=\"4fca627d\" data-element_type=\"container\" data-e-type=\"container\" data-settings=\"{&quot;background_background&quot;:&quot;classic&quot;}\">\n\t\t\t\t\t<div class=\"e-con-inner\">\n\t\t\t\t<div class=\"elementor-element elementor-element-681c44da uael-heading-align-center elementor-widget elementor-widget-uael-advanced-heading\" data-id=\"681c44da\" data-element_type=\"widget\" data-e-type=\"widget\" data-widget_type=\"uael-advanced-heading.default\">\n\t\t\t\t<div class=\"elementor-widget-container\">\n\t\t\t\t\t\n\t\t<div class=\"uael-module-content uael-heading-wrapper\">\n\t\t\t\t\t\t<div class=\"uael-module-content uael-separator-parent\">\n\t\t\t\t\t\t\t\t\t\t\t\t\t<div class=\"uael-separator\"><\/div>\n\t\t\t\t\t\t\t<\/div>\n\t\t\t\t\t\t\n\t\t\t<h1 class=\"uael-heading\">\n\t\t\t\t\t\t\t\t\t\t<span class=\"uael-heading-text elementor-inline-editing uael-size--default\" data-elementor-setting-key=\"heading_title\" data-elementor-inline-editing-toolbar=\"basic\">CONT\u00c1CTANOS<\/span>\n\t\t\t\t\t\t\t<\/h1>\n\n\t\t\t\t\t\t\t<div class=\"uael-sub-heading elementor-inline-editing\" data-elementor-setting-key=\"sub_heading\" data-elementor-inline-editing-toolbar=\"advanced\" >PRONTO NOS COMUNICAREMOS<\/div>\n\t\t\t\n\t\t\t\n\t\t\t\n\t\t\t\t\t\t<\/div>\n\t\t\t\t\t\t<\/div>\n\t\t\t\t<\/div>\n\t\t\t\t<div class=\"elementor-element elementor-element-7417eb8 elementor-button-align-center elementor-widget elementor-widget-form\" data-id=\"7417eb8\" data-element_type=\"widget\" data-e-type=\"widget\" data-settings=\"{&quot;step_next_label&quot;:&quot;Next&quot;,&quot;step_previous_label&quot;:&quot;Previous&quot;,&quot;button_width&quot;:&quot;100&quot;,&quot;step_type&quot;:&quot;number_text&quot;,&quot;step_icon_shape&quot;:&quot;circle&quot;}\" data-widget_type=\"form.default\">\n\t\t\t\t<div class=\"elementor-widget-container\">\n\t\t\t\t\t\t\t<form class=\"elementor-form\" method=\"post\" name=\"New Form\">\n\t\t\t<input type=\"hidden\" name=\"post_id\" value=\"6907\"\/>\n\t\t\t<input type=\"hidden\" name=\"form_id\" value=\"7417eb8\"\/>\n\t\t\t<input type=\"hidden\" name=\"referer_title\" value=\"\" \/>\n\n\t\t\t\n\t\t\t<div class=\"elementor-form-fields-wrapper elementor-labels-above\">\n\t\t\t\t\t\t\t\t<div class=\"elementor-field-type-text elementor-field-group elementor-column elementor-field-group-name elementor-col-100 elementor-field-required\">\n\t\t\t\t\t\t\t\t\t\t\t\t<label for=\"form-field-name\" class=\"elementor-field-label\">\n\t\t\t\t\t\t\t\tNombre\t\t\t\t\t\t\t<\/label>\n\t\t\t\t\t\t\t\t\t\t\t\t\t\t<input size=\"1\" type=\"text\" name=\"form_fields[name]\" id=\"form-field-name\" class=\"elementor-field elementor-size-sm  elementor-field-textual\" placeholder=\"Nombre\" required=\"required\" aria-required=\"true\">\n\t\t\t\t\t\t\t\t\t\t\t<\/div>\n\t\t\t\t\t\t\t\t<div class=\"elementor-field-type-email elementor-field-group elementor-column elementor-field-group-email elementor-col-100 elementor-field-required\">\n\t\t\t\t\t\t\t\t\t\t\t\t<label for=\"form-field-email\" class=\"elementor-field-label\">\n\t\t\t\t\t\t\t\tEmail\t\t\t\t\t\t\t<\/label>\n\t\t\t\t\t\t\t\t\t\t\t\t\t\t<input size=\"1\" type=\"email\" name=\"form_fields[email]\" id=\"form-field-email\" class=\"elementor-field elementor-size-sm  elementor-field-textual\" placeholder=\"Email\" required=\"required\" aria-required=\"true\">\n\t\t\t\t\t\t\t\t\t\t\t<\/div>\n\t\t\t\t\t\t\t\t<div class=\"elementor-field-type-textarea elementor-field-group elementor-column elementor-field-group-message elementor-col-100\">\n\t\t\t\t\t\t\t\t\t\t\t\t<label for=\"form-field-message\" class=\"elementor-field-label\">\n\t\t\t\t\t\t\t\tMensaje\t\t\t\t\t\t\t<\/label>\n\t\t\t\t\t\t<textarea class=\"elementor-field-textual elementor-field  elementor-size-sm\" name=\"form_fields[message]\" id=\"form-field-message\" rows=\"4\" placeholder=\"Mensaje\"><\/textarea>\t\t\t\t<\/div>\n\t\t\t\t\t\t\t\t<div class=\"elementor-field-type-number elementor-field-group elementor-column elementor-field-group-field_b332e0e elementor-col-20 elementor-field-required\">\n\t\t\t\t\t\t\t\t\t\t\t\t<label for=\"form-field-field_b332e0e\" class=\"elementor-field-label\">\n\t\t\t\t\t\t\t\t4 + 5 = ? \t\t\t\t\t\t\t<\/label>\n\t\t\t\t\t\t\t\t\t<input type=\"number\" name=\"form_fields[field_b332e0e]\" id=\"form-field-field_b332e0e\" class=\"elementor-field elementor-size-sm  elementor-field-textual\" placeholder=\"Escriba la respuesta\" required=\"required\" aria-required=\"true\" min=\"9\" max=\"9\" >\n\t\t\t\t\t\t<\/div>\n\t\t\t\t\t\t\t\t<div class=\"elementor-field-group elementor-column elementor-field-type-submit elementor-col-100 e-form__buttons\">\n\t\t\t\t\t<button type=\"submit\" class=\"elementor-button elementor-size-sm\">\n\t\t\t\t\t\t<span >\n\t\t\t\t\t\t\t\t\t\t\t\t\t\t\t<span class=\" elementor-button-icon\">\n\t\t\t\t\t\t\t\t\t\t\t\t\t\t\t\t\t\t\t\t\t\t\t\t\t\t<\/span>\n\t\t\t\t\t\t\t\t\t\t\t\t\t\t\t\t\t\t\t\t\t\t<span class=\"elementor-button-text\">Enviar<\/span>\n\t\t\t\t\t\t\t\t\t\t\t\t\t<\/span>\n\t\t\t\t\t<\/button>\n\t\t\t\t<\/div>\n\t\t\t<\/div>\n\t\t<\/form>\n\t\t\t\t\t\t<\/div>\n\t\t\t\t<\/div>\n\t\t\t\t<div class=\"elementor-element elementor-element-7af4d3c2 elementor-widget elementor-widget-text-editor\" data-id=\"7af4d3c2\" data-element_type=\"widget\" data-e-type=\"widget\" data-widget_type=\"text-editor.default\">\n\t\t\t\t<div class=\"elementor-widget-container\">\n\t\t\t\t\t\t\t\t\t<p style=\"text-align: justify;\">Al enviar este formulario, presto mi consentimiento libre, informado, espec\u00edfico e inequ\u00edvoco y autorizo a IBERLEGAL a ponerse en contacto conmigo en los t\u00e9rminos previstos en la Pol\u00edtica de privacidad\u00a0, a trav\u00e9s de WHATSAPP MESSENGER, cuya\u00a0Pol\u00edtica de privacidad\u00a0est\u00e1 disponible en su p\u00e1gina web.<\/p>\t\t\t\t\t\t\t\t<\/div>\n\t\t\t\t<\/div>\n\t\t\t\t\t<\/div>\n\t\t\t\t<\/div>\n\t\t\t\t<\/div>\n\t\t","protected":false},"excerpt":{"rendered":"<p>IRPH En IBERLEGAL estamos comprometidos a agotar todas las instancias legales nacionales y europeas para que se escuche la voz del consumidor Leer m\u00e1s TARJETAS REVOLVING Si has estado pagando cuotas durante a\u00f1os pero tu deuda parece no disminuir, cons\u00faltanos Leer m\u00e1s CARTEL DE COCHES Si compraste un coche entre los a\u00f1os 2006 y 2013, es posible que puedas recuperar un porcentaje entre el 10% y el 15% del precio que pagaste por \u00e9l. Leer m\u00e1s FICHERO DE MOROSOS En IBERLEGAL te ayudamos a solicitar la indemnizaci\u00f3n por la inclusi\u00f3n en los ficheros de morosos. Leer m\u00e1s En nuestro despacho de abogados, nos preocupamos por nuestros clientes y su seguridad financiera, por eso contamos con paquetes de seguros completos para cubrir las necesidades de cada persona o empresa. Adem\u00e1s, como agencia de seguros independiente, podemos ofrecer una amplia variedad de opciones de diferentes aseguradoras para poder ofrecer la mejor cobertura adaptada a las necesidades de cada cliente. Nos enfocamos en brindar asesoramiento personalizado para que nuestros clientes puedan tomar decisiones informadas y sentirse seguros con su elecci\u00f3n. Nuestros expertos en seguros analizan los riesgos espec\u00edficos de cada cliente y ofrecen opciones de cobertura adecuadas para minimizar el riesgo y garantizar&#8230;<\/p>\n","protected":false},"author":1,"featured_media":0,"parent":0,"menu_order":0,"comment_status":"closed","ping_status":"closed","template":"elementor_header_footer","meta":{"footnotes":""},"class_list":["post-6907","page","type-page","status-publish","hentry"],"jetpack-related-posts":[],"jetpack_sharing_enabled":true,"_links":{"self":[{"href":"https:\/\/iberlegal.com\/home\/wp-json\/wp\/v2\/pages\/6907","targetHints":{"allow":["GET"]}}],"collection":[{"href":"https:\/\/iberlegal.com\/home\/wp-json\/wp\/v2\/pages"}],"about":[{"href":"https:\/\/iberlegal.com\/home\/wp-json\/wp\/v2\/types\/page"}],"author":[{"embeddable":true,"href":"https:\/\/iberlegal.com\/home\/wp-json\/wp\/v2\/users\/1"}],"replies":[{"embeddable":true,"href":"https:\/\/iberlegal.com\/home\/wp-json\/wp\/v2\/comments?post=6907"}],"version-history":[{"count":27,"href":"https:\/\/iberlegal.com\/home\/wp-json\/wp\/v2\/pages\/6907\/revisions"}],"predecessor-version":[{"id":8369,"href":"https:\/\/iberlegal.com\/home\/wp-json\/wp\/v2\/pages\/6907\/revisions\/8369"}],"wp:attachment":[{"href":"https:\/\/iberlegal.com\/home\/wp-json\/wp\/v2\/media?parent=6907"}],"curies":[{"name":"wp","href":"https:\/\/api.w.org\/{rel}","templated":true}]}}