{"id":6905,"date":"2017-06-26T13:32:34","date_gmt":"2017-06-26T13:32:34","guid":{"rendered":"https:\/\/iberlegal.com\/home\/?page_id=6905"},"modified":"2023-05-10T18:39:33","modified_gmt":"2023-05-10T18:39:33","slug":"testamentos","status":"publish","type":"page","link":"https:\/\/iberlegal.com\/home\/testamentos\/","title":{"rendered":"Testamentos"},"content":{"rendered":"\t\t<div data-elementor-type=\"wp-page\" data-elementor-id=\"6905\" class=\"elementor elementor-6905\">\n\t\t\t\t<div class=\"elementor-element elementor-element-67b386c0 e-con-full e-flex e-con e-parent\" data-id=\"67b386c0\" data-element_type=\"container\" data-e-type=\"container\">\n\t\t\t\t<\/div>\n\t\t<div class=\"elementor-element elementor-element-63a51dcb e-flex e-con-boxed e-con e-parent\" data-id=\"63a51dcb\" data-element_type=\"container\" data-e-type=\"container\">\n\t\t\t\t\t<div class=\"e-con-inner\">\n\t\t<div class=\"elementor-element elementor-element-3753e0db e-con-full e-flex e-con e-parent\" data-id=\"3753e0db\" data-element_type=\"container\" data-e-type=\"container\">\n\t\t\t\t<div class=\"elementor-element elementor-element-ceb8c55 elementor-widget__width-initial elementor-widget elementor-widget-text-editor\" data-id=\"ceb8c55\" data-element_type=\"widget\" data-e-type=\"widget\" data-widget_type=\"text-editor.default\">\n\t\t\t\t<div class=\"elementor-widget-container\">\n\t\t\t\t\t\t\t\t\t<h3 style=\"text-align: center;\"><span style=\"color: #ffffff;\">IRPH<\/span><\/h3><p>En <strong>IBERLEGAL<\/strong> estamos comprometidos a agotar todas las instancias legales nacionales y europeas para que se escuche la voz del consumidor<\/p><p style=\"text-align: center;\"><strong><span style=\"color: #ff0000;\"><a style=\"color: #ff0000;\" href=\"https:\/\/iberlegal.com\/home\/areas-de-practica\/irph\/\">Leer m\u00e1s<\/a><\/span><\/strong><\/p>\t\t\t\t\t\t\t\t<\/div>\n\t\t\t\t<\/div>\n\t\t\t\t<\/div>\n\t\t<div class=\"elementor-element elementor-element-37b84411 e-con-full e-flex e-con e-parent\" data-id=\"37b84411\" data-element_type=\"container\" data-e-type=\"container\">\n\t\t\t\t<div class=\"elementor-element elementor-element-1d62778f elementor-widget__width-initial elementor-widget elementor-widget-text-editor\" data-id=\"1d62778f\" data-element_type=\"widget\" data-e-type=\"widget\" data-widget_type=\"text-editor.default\">\n\t\t\t\t<div class=\"elementor-widget-container\">\n\t\t\t\t\t\t\t\t\t<h3 style=\"text-align: center;\"><span style=\"color: #ffffff;\">TARJETAS REVOLVING<\/span><\/h3><p>Si has estado pagando cuotas durante a\u00f1os pero tu deuda parece no disminuir, cons\u00faltanos<\/p><p style=\"text-align: center;\"><strong><span style=\"color: #ff0000;\"><a style=\"color: #ff0000;\" href=\"https:\/\/iberlegal.com\/home\/areas-de-practica\/tarjetas-revolving\/\">Leer m\u00e1s<\/a><\/span><\/strong><\/p>\t\t\t\t\t\t\t\t<\/div>\n\t\t\t\t<\/div>\n\t\t\t\t<\/div>\n\t\t<div class=\"elementor-element elementor-element-2ead1882 e-con-full e-flex e-con e-parent\" data-id=\"2ead1882\" data-element_type=\"container\" data-e-type=\"container\">\n\t\t\t\t<div class=\"elementor-element elementor-element-686c03d4 elementor-widget__width-initial elementor-widget elementor-widget-text-editor\" data-id=\"686c03d4\" data-element_type=\"widget\" data-e-type=\"widget\" data-widget_type=\"text-editor.default\">\n\t\t\t\t<div class=\"elementor-widget-container\">\n\t\t\t\t\t\t\t\t\t<h3 style=\"text-align: center;\"><span style=\"color: #ffffff;\">CARTEL DE COCHES<\/span><\/h3><p>Si compraste un coche entre los a\u00f1os 2006 y 2013, es posible que puedas recuperar un porcentaje entre el 10% y el 15% del precio que pagaste por \u00e9l.<\/p><p style=\"text-align: center;\"><strong><span style=\"color: #ff0000;\"><a style=\"color: #ff0000;\" href=\"https:\/\/iberlegal.com\/home\/areas-de-practica\/cartel-de-coches\/\">Leer m\u00e1s<\/a><\/span><\/strong><\/p>\t\t\t\t\t\t\t\t<\/div>\n\t\t\t\t<\/div>\n\t\t\t\t<\/div>\n\t\t<div class=\"elementor-element elementor-element-1f91fd36 e-con-full e-flex e-con e-parent\" data-id=\"1f91fd36\" data-element_type=\"container\" data-e-type=\"container\">\n\t\t\t\t<div class=\"elementor-element elementor-element-586091e2 elementor-widget__width-initial elementor-widget elementor-widget-text-editor\" data-id=\"586091e2\" data-element_type=\"widget\" data-e-type=\"widget\" data-widget_type=\"text-editor.default\">\n\t\t\t\t<div class=\"elementor-widget-container\">\n\t\t\t\t\t\t\t\t\t<h3 style=\"text-align: center;\"><span style=\"color: #ffffff;\">FICHERO DE MOROSOS<\/span><\/h3><p>En <strong>IBERLEGAL<\/strong> te ayudamos a solicitar la indemnizaci\u00f3n por la inclusi\u00f3n en los ficheros de morosos.<\/p><p style=\"text-align: center;\"><strong><span style=\"color: #ff0000;\"><a style=\"color: #ff0000;\" href=\"https:\/\/iberlegal.com\/home\/areas-de-practica\/fichero-morosos\/\">Leer m\u00e1s<\/a><\/span><\/strong><\/p>\t\t\t\t\t\t\t\t<\/div>\n\t\t\t\t<\/div>\n\t\t\t\t<\/div>\n\t\t\t\t\t<\/div>\n\t\t\t\t<\/div>\n\t\t<div class=\"elementor-element elementor-element-261ecc4e e-flex e-con-boxed e-con e-parent\" data-id=\"261ecc4e\" data-element_type=\"container\" data-e-type=\"container\">\n\t\t\t\t\t<div class=\"e-con-inner\">\n\t\t<div class=\"elementor-element elementor-element-79900fa7 e-con-full e-flex e-con e-parent\" data-id=\"79900fa7\" data-element_type=\"container\" data-e-type=\"container\">\n\t\t\t\t<div class=\"elementor-element elementor-element-bda6e38 elementor-widget elementor-widget-sidebar\" data-id=\"bda6e38\" data-element_type=\"widget\" data-e-type=\"widget\" data-widget_type=\"sidebar.default\">\n\t\t\t\t<div class=\"elementor-widget-container\">\n\t\t\t\t\t<div class=\"widget widget_media_image\" id=\"media_image-2\"><img decoding=\"async\" width=\"222\" height=\"177\" src=\"https:\/\/i0.wp.com\/iberlegal.com\/home\/wp-content\/uploads\/2017\/06\/call_us1.jpg?fit=222%2C177&amp;ssl=1\" class=\"image wp-image-7005  attachment-full size-full\" alt=\"\" style=\"max-width: 100%; height: auto;\" srcset=\"https:\/\/i0.wp.com\/iberlegal.com\/home\/wp-content\/uploads\/2017\/06\/call_us1.jpg?w=222&amp;ssl=1 222w, https:\/\/i0.wp.com\/iberlegal.com\/home\/wp-content\/uploads\/2017\/06\/call_us1.jpg?resize=81%2C65&amp;ssl=1 81w\" sizes=\"(max-width: 222px) 100vw, 222px\" \/><\/div><div class=\"widget widget_media_image\" id=\"media_image-1\"><a href=\"http:\/\/rcqq.com\/ibelregal\/hipotecas\/\"><img decoding=\"async\" width=\"222\" height=\"177\" src=\"https:\/\/i0.wp.com\/iberlegal.com\/home\/wp-content\/uploads\/2017\/07\/calculator1.jpg?fit=222%2C177&amp;ssl=1\" class=\"image wp-image-7085  attachment-full size-full\" alt=\"\" style=\"max-width: 100%; height: auto;\" srcset=\"https:\/\/i0.wp.com\/iberlegal.com\/home\/wp-content\/uploads\/2017\/07\/calculator1.jpg?w=222&amp;ssl=1 222w, https:\/\/i0.wp.com\/iberlegal.com\/home\/wp-content\/uploads\/2017\/07\/calculator1.jpg?resize=81%2C65&amp;ssl=1 81w\" sizes=\"(max-width: 222px) 100vw, 222px\" \/><\/a><\/div><div class=\"widget widget_text\" id=\"text-4\">\t\t\t<div class=\"textwidget\"><p>____________________________________<\/p>\n<div class=\"w-text-block\">\n<p class=\"d\">Calle Juan Fernandez Nro. 16 C.P. 30204<br \/>\nPhone: (0034)-900-907029<br \/>\nFax:(0034)-868-866778<br \/>\nemail: info@iberlegal.com<br \/>\nCartagena &#8211; Murcia<br \/>\nEspa\u00f1a<\/p>\n<\/div>\n<\/div>\n\t\t<\/div><div class=\"widget widget_contact_info\" id=\"widget_contact_info-2\"><div itemscope itemtype=\"http:\/\/schema.org\/LocalBusiness\"><div class=\"confit-address\" itemscope itemtype=\"http:\/\/schema.org\/PostalAddress\" itemprop=\"address\"><a href=\"https:\/\/maps.google.com\/maps?z=16&#038;q=calle%2Bjuan%2Bfernandez%2Bnro.%2B16%2Bc.p.%2B30204%2Bfax%3A%280034%29-868-866778%2Bcartagena%2B-%2Bmurcia%2Bespa%C3%B1a\" target=\"_blank\" rel=\"noopener noreferrer\">Calle Juan Fernandez Nro. 16 C.P. 30204\r<br\/>Fax:(0034)-868-866778\r<br\/>Cartagena - Murcia\r<br\/>Espa\u00f1a<\/a><\/div><div class=\"confit-phone\"><span itemprop=\"telephone\">(0034)-900-907029<\/span><\/div><div class=\"confit-email\"><a href=\"mailto:info@iberlegal.com\">info@iberlegal.com<\/a><\/div><\/div><\/div>\t\t\t\t<\/div>\n\t\t\t\t<\/div>\n\t\t\t\t<\/div>\n\t\t<div class=\"elementor-element elementor-element-64b907f1 e-con-full e-flex e-con e-parent\" data-id=\"64b907f1\" data-element_type=\"container\" data-e-type=\"container\">\n\t\t\t\t<div class=\"elementor-element elementor-element-483d3fe9 elementor-widget__width-initial elementor-widget elementor-widget-text-editor\" data-id=\"483d3fe9\" data-element_type=\"widget\" data-e-type=\"widget\" data-widget_type=\"text-editor.default\">\n\t\t\t\t<div class=\"elementor-widget-container\">\n\t\t\t\t\t\t\t\t\t<p style=\"text-align: justify;\">En nuestra firma de abogados en Cartagena, somos conscientes de la importancia de organizar legalmente la distribuci\u00f3n de sus bienes y propiedades en caso de fallecimiento. Por esta raz\u00f3n, ofrecemos asesoramiento especializado en derecho sucesorio y testamentos para garantizar que sus deseos sean cumplidos y evitar problemas futuros para usted y su familia.<\/p><p style=\"text-align: justify;\">Es fundamental contar con un testamento legalmente v\u00e1lido, ya que es el documento que establece c\u00f3mo se repartir\u00e1n sus bienes y propiedades despu\u00e9s de su fallecimiento. En nuestro despacho, le brindamos asesoramiento acerca de los requisitos legales que se deben cumplir para realizar un testamento en Espa\u00f1a, as\u00ed como el pago de los impuestos correspondientes para evitar cualquier inconveniente legal.<\/p><p style=\"text-align: justify;\">Nuestros abogados especializados en derecho sucesorio le guiar\u00e1n en todo el proceso de elaboraci\u00f3n del testamento, asegur\u00e1ndose de que se cumplan todas las formalidades legales y de que sus deseos queden plasmados de forma clara y precisa. Adem\u00e1s, le ofrecemos asesoramiento para la planificaci\u00f3n de su patrimonio y la optimizaci\u00f3n de sus impuestos.<\/p><p style=\"text-align: justify;\">Es importante tener en cuenta que, en Espa\u00f1a, los testamentos deben hacerse en presencia de un notario p\u00fablico. En nuestro despacho, nos encargamos de gestionar la cita con el notario, quien redactar\u00e1 el testamento de acuerdo con sus indicaciones. Adem\u00e1s, el notario conservar\u00e1 el documento original en sus archivos hasta el momento del fallecimiento, y lo depositar\u00e1 en el Registro Central Espa\u00f1ol en Madrid.<\/p><p style=\"text-align: justify;\">En definitiva, en nuestra firma de abogados en Espa\u00f1a, contamos con amplia experiencia en derecho sucesorio y testamentos, y nos encargamos de brindar asesoramiento legal a nuestros clientes de forma personalizada y adaptada a sus necesidades. Si necesita realizar su testamento o tiene alguna duda relacionada con la planificaci\u00f3n de su patrimonio, no dude en contactarnos. Estamos aqu\u00ed para ayudarle y garantizar la tranquilidad de su familia en el futuro.<\/p><p style=\"text-align: center;\"><img fetchpriority=\"high\" decoding=\"async\" data-recalc-dims=\"1\" class=\"aligncenter wp-image-6857 size-large\" src=\"https:\/\/i0.wp.com\/iberlegal.com\/home\/wp-content\/uploads\/2016\/01\/testamento-1024x682.jpg?resize=1024%2C682&#038;ssl=1\" alt=\"\" width=\"1024\" height=\"682\" srcset=\"https:\/\/i0.wp.com\/iberlegal.com\/home\/wp-content\/uploads\/2016\/01\/testamento.jpg?resize=1024%2C682&amp;ssl=1 1024w, https:\/\/i0.wp.com\/iberlegal.com\/home\/wp-content\/uploads\/2016\/01\/testamento.jpg?resize=300%2C200&amp;ssl=1 300w, https:\/\/i0.wp.com\/iberlegal.com\/home\/wp-content\/uploads\/2016\/01\/testamento.jpg?resize=768%2C512&amp;ssl=1 768w, https:\/\/i0.wp.com\/iberlegal.com\/home\/wp-content\/uploads\/2016\/01\/testamento.jpg?resize=420%2C280&amp;ssl=1 420w, https:\/\/i0.wp.com\/iberlegal.com\/home\/wp-content\/uploads\/2016\/01\/testamento.jpg?resize=81%2C54&amp;ssl=1 81w, https:\/\/i0.wp.com\/iberlegal.com\/home\/wp-content\/uploads\/2016\/01\/testamento.jpg?w=1100&amp;ssl=1 1100w\" sizes=\"(max-width: 1024px) 100vw, 1024px\" \/><\/p>\t\t\t\t\t\t\t\t<\/div>\n\t\t\t\t<\/div>\n\t\t\t\t<\/div>\n\t\t\t\t\t<\/div>\n\t\t\t\t<\/div>\n\t\t<div class=\"elementor-element elementor-element-5f7a1250 e-flex e-con-boxed e-con e-parent\" data-id=\"5f7a1250\" data-element_type=\"container\" data-e-type=\"container\" data-settings=\"{&quot;background_background&quot;:&quot;classic&quot;}\">\n\t\t\t\t\t<div class=\"e-con-inner\">\n\t\t\t\t<div class=\"elementor-element elementor-element-10c2aca6 uael-heading-align-center elementor-widget elementor-widget-uael-advanced-heading\" data-id=\"10c2aca6\" data-element_type=\"widget\" data-e-type=\"widget\" data-widget_type=\"uael-advanced-heading.default\">\n\t\t\t\t<div class=\"elementor-widget-container\">\n\t\t\t\t\t\n\t\t<div class=\"uael-module-content uael-heading-wrapper\">\n\t\t\t\t\t\t<div class=\"uael-module-content uael-separator-parent\">\n\t\t\t\t\t\t\t\t\t\t\t\t\t<div class=\"uael-separator\"><\/div>\n\t\t\t\t\t\t\t<\/div>\n\t\t\t\t\t\t\n\t\t\t<h1 class=\"uael-heading\">\n\t\t\t\t\t\t\t\t\t\t<span class=\"uael-heading-text elementor-inline-editing uael-size--default\" data-elementor-setting-key=\"heading_title\" data-elementor-inline-editing-toolbar=\"basic\">CONT\u00c1CTANOS<\/span>\n\t\t\t\t\t\t\t<\/h1>\n\n\t\t\t\t\t\t\t<div class=\"uael-sub-heading elementor-inline-editing\" data-elementor-setting-key=\"sub_heading\" data-elementor-inline-editing-toolbar=\"advanced\" >PRONTO NOS COMUNICAREMOS<\/div>\n\t\t\t\n\t\t\t\n\t\t\t\n\t\t\t\t\t\t<\/div>\n\t\t\t\t\t\t<\/div>\n\t\t\t\t<\/div>\n\t\t\t\t<div class=\"elementor-element elementor-element-18d926f6 elementor-button-align-center elementor-widget elementor-widget-form\" data-id=\"18d926f6\" data-element_type=\"widget\" data-e-type=\"widget\" data-settings=\"{&quot;step_next_label&quot;:&quot;Next&quot;,&quot;step_previous_label&quot;:&quot;Previous&quot;,&quot;button_width&quot;:&quot;100&quot;,&quot;step_type&quot;:&quot;number_text&quot;,&quot;step_icon_shape&quot;:&quot;circle&quot;}\" data-widget_type=\"form.default\">\n\t\t\t\t<div class=\"elementor-widget-container\">\n\t\t\t\t\t\t\t<form class=\"elementor-form\" method=\"post\" name=\"New Form\">\n\t\t\t<input type=\"hidden\" name=\"post_id\" value=\"6905\"\/>\n\t\t\t<input type=\"hidden\" name=\"form_id\" value=\"18d926f6\"\/>\n\t\t\t<input type=\"hidden\" name=\"referer_title\" value=\"\" \/>\n\n\t\t\t\n\t\t\t<div class=\"elementor-form-fields-wrapper elementor-labels-above\">\n\t\t\t\t\t\t\t\t<div class=\"elementor-field-type-text elementor-field-group elementor-column elementor-field-group-name elementor-col-100 elementor-field-required\">\n\t\t\t\t\t\t\t\t\t\t\t\t<label for=\"form-field-name\" class=\"elementor-field-label\">\n\t\t\t\t\t\t\t\tNombre\t\t\t\t\t\t\t<\/label>\n\t\t\t\t\t\t\t\t\t\t\t\t\t\t<input size=\"1\" type=\"text\" name=\"form_fields[name]\" id=\"form-field-name\" class=\"elementor-field elementor-size-sm  elementor-field-textual\" placeholder=\"Nombre\" required=\"required\" aria-required=\"true\">\n\t\t\t\t\t\t\t\t\t\t\t<\/div>\n\t\t\t\t\t\t\t\t<div class=\"elementor-field-type-email elementor-field-group elementor-column elementor-field-group-email elementor-col-100 elementor-field-required\">\n\t\t\t\t\t\t\t\t\t\t\t\t<label for=\"form-field-email\" class=\"elementor-field-label\">\n\t\t\t\t\t\t\t\tEmail\t\t\t\t\t\t\t<\/label>\n\t\t\t\t\t\t\t\t\t\t\t\t\t\t<input size=\"1\" type=\"email\" name=\"form_fields[email]\" id=\"form-field-email\" class=\"elementor-field elementor-size-sm  elementor-field-textual\" placeholder=\"Email\" required=\"required\" aria-required=\"true\">\n\t\t\t\t\t\t\t\t\t\t\t<\/div>\n\t\t\t\t\t\t\t\t<div class=\"elementor-field-type-textarea elementor-field-group elementor-column elementor-field-group-message elementor-col-100\">\n\t\t\t\t\t\t\t\t\t\t\t\t<label for=\"form-field-message\" class=\"elementor-field-label\">\n\t\t\t\t\t\t\t\tMensaje\t\t\t\t\t\t\t<\/label>\n\t\t\t\t\t\t<textarea class=\"elementor-field-textual elementor-field  elementor-size-sm\" name=\"form_fields[message]\" id=\"form-field-message\" rows=\"4\" placeholder=\"Mensaje\"><\/textarea>\t\t\t\t<\/div>\n\t\t\t\t\t\t\t\t<div class=\"elementor-field-type-number elementor-field-group elementor-column elementor-field-group-field_b332e0e elementor-col-20 elementor-field-required\">\n\t\t\t\t\t\t\t\t\t\t\t\t<label for=\"form-field-field_b332e0e\" class=\"elementor-field-label\">\n\t\t\t\t\t\t\t\t4 + 5 = ? \t\t\t\t\t\t\t<\/label>\n\t\t\t\t\t\t\t\t\t<input type=\"number\" name=\"form_fields[field_b332e0e]\" id=\"form-field-field_b332e0e\" class=\"elementor-field elementor-size-sm  elementor-field-textual\" placeholder=\"Escriba la respuesta\" required=\"required\" aria-required=\"true\" min=\"9\" max=\"9\" >\n\t\t\t\t\t\t<\/div>\n\t\t\t\t\t\t\t\t<div class=\"elementor-field-group elementor-column elementor-field-type-submit elementor-col-100 e-form__buttons\">\n\t\t\t\t\t<button type=\"submit\" class=\"elementor-button elementor-size-sm\">\n\t\t\t\t\t\t<span >\n\t\t\t\t\t\t\t\t\t\t\t\t\t\t\t<span class=\" elementor-button-icon\">\n\t\t\t\t\t\t\t\t\t\t\t\t\t\t\t\t\t\t\t\t\t\t\t\t\t\t<\/span>\n\t\t\t\t\t\t\t\t\t\t\t\t\t\t\t\t\t\t\t\t\t\t<span class=\"elementor-button-text\">Enviar<\/span>\n\t\t\t\t\t\t\t\t\t\t\t\t\t<\/span>\n\t\t\t\t\t<\/button>\n\t\t\t\t<\/div>\n\t\t\t<\/div>\n\t\t<\/form>\n\t\t\t\t\t\t<\/div>\n\t\t\t\t<\/div>\n\t\t\t\t<div class=\"elementor-element elementor-element-46619f98 elementor-widget elementor-widget-text-editor\" data-id=\"46619f98\" data-element_type=\"widget\" data-e-type=\"widget\" data-widget_type=\"text-editor.default\">\n\t\t\t\t<div class=\"elementor-widget-container\">\n\t\t\t\t\t\t\t\t\t<p style=\"text-align: justify;\">Al enviar este formulario, presto mi consentimiento libre, informado, espec\u00edfico e inequ\u00edvoco y autorizo a IBERLEGAL a ponerse en contacto conmigo en los t\u00e9rminos previstos en la Pol\u00edtica de privacidad\u00a0, a trav\u00e9s de WHATSAPP MESSENGER, cuya\u00a0Pol\u00edtica de privacidad\u00a0est\u00e1 disponible en su p\u00e1gina web.<\/p>\t\t\t\t\t\t\t\t<\/div>\n\t\t\t\t<\/div>\n\t\t\t\t\t<\/div>\n\t\t\t\t<\/div>\n\t\t\t\t<\/div>\n\t\t","protected":false},"excerpt":{"rendered":"<p>IRPH En IBERLEGAL estamos comprometidos a agotar todas las instancias legales nacionales y europeas para que se escuche la voz del consumidor Leer m\u00e1s TARJETAS REVOLVING Si has estado pagando cuotas durante a\u00f1os pero tu deuda parece no disminuir, cons\u00faltanos Leer m\u00e1s CARTEL DE COCHES Si compraste un coche entre los a\u00f1os 2006 y 2013, es posible que puedas recuperar un porcentaje entre el 10% y el 15% del precio que pagaste por \u00e9l. Leer m\u00e1s FICHERO DE MOROSOS En IBERLEGAL te ayudamos a solicitar la indemnizaci\u00f3n por la inclusi\u00f3n en los ficheros de morosos. Leer m\u00e1s En nuestra firma de abogados en Cartagena, somos conscientes de la importancia de organizar legalmente la distribuci\u00f3n de sus bienes y propiedades en caso de fallecimiento. Por esta raz\u00f3n, ofrecemos asesoramiento especializado en derecho sucesorio y testamentos para garantizar que sus deseos sean cumplidos y evitar problemas futuros para usted y su familia. Es fundamental contar con un testamento legalmente v\u00e1lido, ya que es el documento que establece c\u00f3mo se repartir\u00e1n sus bienes y propiedades despu\u00e9s de su fallecimiento. En nuestro despacho, le brindamos asesoramiento acerca de los requisitos legales que se deben cumplir para realizar un testamento en Espa\u00f1a, as\u00ed como el&#8230;<\/p>\n","protected":false},"author":1,"featured_media":0,"parent":0,"menu_order":0,"comment_status":"closed","ping_status":"closed","template":"elementor_header_footer","meta":{"footnotes":""},"class_list":["post-6905","page","type-page","status-publish","hentry"],"jetpack-related-posts":[],"jetpack_sharing_enabled":true,"_links":{"self":[{"href":"https:\/\/iberlegal.com\/home\/wp-json\/wp\/v2\/pages\/6905","targetHints":{"allow":["GET"]}}],"collection":[{"href":"https:\/\/iberlegal.com\/home\/wp-json\/wp\/v2\/pages"}],"about":[{"href":"https:\/\/iberlegal.com\/home\/wp-json\/wp\/v2\/types\/page"}],"author":[{"embeddable":true,"href":"https:\/\/iberlegal.com\/home\/wp-json\/wp\/v2\/users\/1"}],"replies":[{"embeddable":true,"href":"https:\/\/iberlegal.com\/home\/wp-json\/wp\/v2\/comments?post=6905"}],"version-history":[{"count":27,"href":"https:\/\/iberlegal.com\/home\/wp-json\/wp\/v2\/pages\/6905\/revisions"}],"predecessor-version":[{"id":8361,"href":"https:\/\/iberlegal.com\/home\/wp-json\/wp\/v2\/pages\/6905\/revisions\/8361"}],"wp:attachment":[{"href":"https:\/\/iberlegal.com\/home\/wp-json\/wp\/v2\/media?parent=6905"}],"curies":[{"name":"wp","href":"https:\/\/api.w.org\/{rel}","templated":true}]}}